{"id":3216,"date":"2021-12-13T14:33:29","date_gmt":"2021-12-13T13:33:29","guid":{"rendered":"https:\/\/skovdevandrarhem.se\/?page_id=3216"},"modified":"2021-12-13T14:34:19","modified_gmt":"2021-12-13T13:34:19","slug":"booking-terms-2","status":"publish","type":"page","link":"https:\/\/skovdevandrarhem.se\/en\/booking-terms-2\/","title":{"rendered":"Booking terms"},"content":{"rendered":"\t\t<div data-elementor-type=\"wp-page\" data-elementor-id=\"3216\" class=\"elementor elementor-3216 elementor-3214\" data-elementor-post-type=\"page\">\n\t\t\t\t\t\t<section class=\"elementor-section elementor-top-section elementor-element elementor-element-4bf68f8a elementor-section-boxed elementor-section-height-default elementor-section-height-default\" data-id=\"4bf68f8a\" data-element_type=\"section\" data-e-type=\"section\">\n\t\t\t\t\t\t<div class=\"elementor-container elementor-column-gap-default\">\n\t\t\t\t\t<div class=\"elementor-column elementor-col-100 elementor-top-column elementor-element elementor-element-1bb7e64e\" data-id=\"1bb7e64e\" data-element_type=\"column\" data-e-type=\"column\">\n\t\t\t<div class=\"elementor-widget-wrap elementor-element-populated\">\n\t\t\t\t\t\t<div class=\"elementor-element elementor-element-594777a5 elementor-widget elementor-widget-text-editor\" data-id=\"594777a5\" data-element_type=\"widget\" data-e-type=\"widget\" data-widget_type=\"text-editor.default\">\n\t\t\t\t<div class=\"elementor-widget-container\">\n\t\t\t\t\t\t\t\t\t<p><strong>The hostel is unmanned!<\/strong><br \/>This means that you must contact us before arrival to get codes for the front door and your room.<br \/>(If you have not already received the codes via email or text message).<br \/>Booking by email or phone 0500-48 17 18.<br \/><em><br \/><\/em><strong>Payment<br \/><\/strong>Payment is easiest via Swish on arrival at the hostel.<br \/>Information on how to do this can be found at the entrance.<br \/>You can also choose to pay via invoice instead, please let us know before arrival.<br \/>If the accommodation is not paid for on departure, an invoice will be emailed or sent to the e-mail or address information you provided when booking.<\/p><p><strong>Check-in &amp; check-out<br \/><\/strong>Check-in at 15:00.<br \/>Check out at 12:00.<br \/>If you want earlier check-in or later check-out, please ask for this in advance.<\/p><p><strong>Cancellation<br \/><\/strong>In case of cancellation:<br \/>-more than three days before arrival there is no charge.<br \/>-1-3 days before arrival we charge 50% on the first day and 25% on the second day.<br \/>-on the day of arrival, we charge 100% on the first day, 50% on the second day and 25% on the third day.<\/p><p><em>When canceling larger bookings, other rules apply!<\/em><\/p><p><strong>Bed linen<br \/><\/strong>Bed linen is available for rent for SEK 75 per set. It is good if this is booked at the same time as the accommodation so we have the opportunity to place it in the room in advance.<\/p><p>One set contains bed sheets, duvet covers, pillowcases and small and large towels.<\/p><p><strong>Non-smoking hostel<br \/><\/strong>The whole hostel is non-smoking.<\/p><p><strong>Pets are not allowed<br \/><\/strong>We do not accept pets at the hostel, but feel free to contact our other facility\u00a0<a href=\"https:\/\/billingensstugby.se\/en\/\" target=\"_blank\" rel=\"noopener\">Billingens stugby &amp; camping at Billingen<\/a>\u00a0where it is possible to bring your pets.<\/p><p><strong>Wireless Internet \/ Wi-Fi<br \/><\/strong>In the kitchen you will find the code to enter the Wi-Fi network.<\/p><p><strong>Parking and accessibility<br \/><\/strong>We have our own parking in the yard of the hostel which is free for our guests. You can basically park just below the stairs. There are seven steps up to the entrance to the main building. The annex is located on the ground floor and also has a room with a disabled-friendly toilet.<\/p><p><strong>Shared spaces<br \/><\/strong>There is a shared kitchen in the main building which also serves as a meeting room and TV room. In the annex there is a separate kitchen for cooking and also here there is a TV in the kitchen which is the public room for our guests. During the summer, it is nice to sit outside on one of our paved balconies. There is also access to a barbecue for outdoor cooking.<\/p>\t\t\t\t\t\t\t\t<\/div>\n\t\t\t\t<\/div>\n\t\t\t\t\t<\/div>\n\t\t<\/div>\n\t\t\t\t\t<\/div>\n\t\t<\/section>\n\t\t\t\t<\/div>\n\t\t","protected":false},"excerpt":{"rendered":"<p>The hostel is unmanned!This means that you must contact us before arrival to get codes for the front door and your room.(If you have not already received the codes via email or text message).Booking by email or phone 0500-48 17 18.PaymentPayment is easiest via Swish on arrival at the hostel.Information on how to do this [&hellip;]<\/p>\n","protected":false},"author":6,"featured_media":2492,"parent":0,"menu_order":0,"comment_status":"closed","ping_status":"closed","template":"","meta":{"_acf_changed":false,"_genesis_hide_title":false,"_genesis_hide_breadcrumbs":false,"_genesis_hide_singular_image":false,"_genesis_hide_footer_widgets":false,"_genesis_custom_body_class":"","_genesis_custom_post_class":"","_genesis_layout":"","footnotes":""},"class_list":{"0":"post-3216","1":"page","2":"type-page","3":"status-publish","4":"has-post-thumbnail","6":"entry"},"acf":[],"yoast_head":"<!-- This site is optimized with the Yoast SEO plugin v27.4 - https:\/\/yoast.com\/product\/yoast-seo-wordpress\/ -->\n<title>Booking terms - Sk\u00f6vde Vandrarhem<\/title>\n<meta name=\"robots\" content=\"index, follow, max-snippet:-1, max-image-preview:large, max-video-preview:-1\" \/>\n<link rel=\"canonical\" href=\"https:\/\/skovdevandrarhem.se\/en\/booking-terms-2\/\" \/>\n<meta property=\"og:locale\" content=\"en_US\" \/>\n<meta property=\"og:type\" content=\"article\" \/>\n<meta property=\"og:title\" content=\"Booking terms - Sk\u00f6vde Vandrarhem\" \/>\n<meta property=\"og:description\" content=\"The hostel is unmanned!This means that you must contact us before arrival to get codes for the front door and your room.(If you have not already received the codes via email or text message).Booking by email or phone 0500-48 17 18.PaymentPayment is easiest via Swish on arrival at the hostel.Information on how to do this [&hellip;]\" \/>\n<meta property=\"og:url\" content=\"https:\/\/skovdevandrarhem.se\/en\/booking-terms-2\/\" \/>\n<meta property=\"og:site_name\" content=\"Sk\u00f6vde Vandrarhem\" \/>\n<meta property=\"article:modified_time\" content=\"2021-12-13T13:34:19+00:00\" \/>\n<meta property=\"og:image\" content=\"https:\/\/skovdevandrarhem.se\/wp-content\/uploads\/2021\/07\/skovde-vandrarhemfoto-tuana-210528-195-scaled-e1632386404913.jpg\" \/>\n\t<meta property=\"og:image:width\" content=\"2560\" \/>\n\t<meta property=\"og:image:height\" content=\"1707\" \/>\n\t<meta property=\"og:image:type\" content=\"image\/jpeg\" \/>\n<meta name=\"twitter:card\" content=\"summary_large_image\" \/>\n<meta name=\"twitter:label1\" content=\"Est. reading time\" \/>\n\t<meta name=\"twitter:data1\" content=\"2 minutes\" \/>\n<script type=\"application\/ld+json\" class=\"yoast-schema-graph\">{\"@context\":\"https:\\\/\\\/schema.org\",\"@graph\":[{\"@type\":\"WebPage\",\"@id\":\"https:\\\/\\\/skovdevandrarhem.se\\\/en\\\/booking-terms-2\\\/\",\"url\":\"https:\\\/\\\/skovdevandrarhem.se\\\/en\\\/booking-terms-2\\\/\",\"name\":\"Booking terms - Sk\u00f6vde Vandrarhem\",\"isPartOf\":{\"@id\":\"https:\\\/\\\/skovdevandrarhem.se\\\/en\\\/#website\"},\"primaryImageOfPage\":{\"@id\":\"https:\\\/\\\/skovdevandrarhem.se\\\/en\\\/booking-terms-2\\\/#primaryimage\"},\"image\":{\"@id\":\"https:\\\/\\\/skovdevandrarhem.se\\\/en\\\/booking-terms-2\\\/#primaryimage\"},\"thumbnailUrl\":\"https:\\\/\\\/skovdevandrarhem.se\\\/wp-content\\\/uploads\\\/2021\\\/07\\\/skovde-vandrarhemfoto-tuana-210528-195-scaled-e1632386404913.jpg\",\"datePublished\":\"2021-12-13T13:33:29+00:00\",\"dateModified\":\"2021-12-13T13:34:19+00:00\",\"breadcrumb\":{\"@id\":\"https:\\\/\\\/skovdevandrarhem.se\\\/en\\\/booking-terms-2\\\/#breadcrumb\"},\"inLanguage\":\"en-US\",\"potentialAction\":[{\"@type\":\"ReadAction\",\"target\":[\"https:\\\/\\\/skovdevandrarhem.se\\\/en\\\/booking-terms-2\\\/\"]}]},{\"@type\":\"ImageObject\",\"inLanguage\":\"en-US\",\"@id\":\"https:\\\/\\\/skovdevandrarhem.se\\\/en\\\/booking-terms-2\\\/#primaryimage\",\"url\":\"https:\\\/\\\/skovdevandrarhem.se\\\/wp-content\\\/uploads\\\/2021\\\/07\\\/skovde-vandrarhemfoto-tuana-210528-195-scaled-e1632386404913.jpg\",\"contentUrl\":\"https:\\\/\\\/skovdevandrarhem.se\\\/wp-content\\\/uploads\\\/2021\\\/07\\\/skovde-vandrarhemfoto-tuana-210528-195-scaled-e1632386404913.jpg\",\"width\":2560,\"height\":1707,\"caption\":\"Entrence to the garden at Sk\u00f6vde hostel\"},{\"@type\":\"BreadcrumbList\",\"@id\":\"https:\\\/\\\/skovdevandrarhem.se\\\/en\\\/booking-terms-2\\\/#breadcrumb\",\"itemListElement\":[{\"@type\":\"ListItem\",\"position\":1,\"name\":\"Hem\",\"item\":\"https:\\\/\\\/skovdevandrarhem.se\\\/en\\\/\"},{\"@type\":\"ListItem\",\"position\":2,\"name\":\"Booking terms\"}]},{\"@type\":\"WebSite\",\"@id\":\"https:\\\/\\\/skovdevandrarhem.se\\\/en\\\/#website\",\"url\":\"https:\\\/\\\/skovdevandrarhem.se\\\/en\\\/\",\"name\":\"Sk\u00f6vde Vandrarhem\",\"description\":\"V\u00e4lkommen till Sk\u00f6vde vandrarhem, bel\u00e4get n\u00e4ra Sk\u00f6vde centrum men \u00e4nd\u00e5 i ett lungt omr\u00e5de. Huset \u00e4r en vacker sekelskiftsvilla med mycket snickargl\u00e4dje.\",\"publisher\":{\"@id\":\"https:\\\/\\\/skovdevandrarhem.se\\\/en\\\/#organization\"},\"potentialAction\":[{\"@type\":\"SearchAction\",\"target\":{\"@type\":\"EntryPoint\",\"urlTemplate\":\"https:\\\/\\\/skovdevandrarhem.se\\\/en\\\/?s={search_term_string}\"},\"query-input\":{\"@type\":\"PropertyValueSpecification\",\"valueRequired\":true,\"valueName\":\"search_term_string\"}}],\"inLanguage\":\"en-US\"},{\"@type\":\"Organization\",\"@id\":\"https:\\\/\\\/skovdevandrarhem.se\\\/en\\\/#organization\",\"name\":\"Sk\u00f6vde Vandrarhem\",\"url\":\"https:\\\/\\\/skovdevandrarhem.se\\\/en\\\/\",\"logo\":{\"@type\":\"ImageObject\",\"inLanguage\":\"en-US\",\"@id\":\"https:\\\/\\\/skovdevandrarhem.se\\\/en\\\/#\\\/schema\\\/logo\\\/image\\\/\",\"url\":\"https:\\\/\\\/skovdevandrarhem.se\\\/wp-content\\\/uploads\\\/2020\\\/12\\\/SdeVandrarhem_grey_horizontal.png\",\"contentUrl\":\"https:\\\/\\\/skovdevandrarhem.se\\\/wp-content\\\/uploads\\\/2020\\\/12\\\/SdeVandrarhem_grey_horizontal.png\",\"width\":500,\"height\":135,\"caption\":\"Sk\u00f6vde Vandrarhem\"},\"image\":{\"@id\":\"https:\\\/\\\/skovdevandrarhem.se\\\/en\\\/#\\\/schema\\\/logo\\\/image\\\/\"},\"sameAs\":[\"https:\\\/\\\/www.instagram.com\\\/billingensstugby\\\/\"]}]}<\/script>\n<!-- \/ Yoast SEO plugin. -->","yoast_head_json":{"title":"Booking terms - Sk\u00f6vde Vandrarhem","robots":{"index":"index","follow":"follow","max-snippet":"max-snippet:-1","max-image-preview":"max-image-preview:large","max-video-preview":"max-video-preview:-1"},"canonical":"https:\/\/skovdevandrarhem.se\/en\/booking-terms-2\/","og_locale":"en_US","og_type":"article","og_title":"Booking terms - Sk\u00f6vde Vandrarhem","og_description":"The hostel is unmanned!This means that you must contact us before arrival to get codes for the front door and your room.(If you have not already received the codes via email or text message).Booking by email or phone 0500-48 17 18.PaymentPayment is easiest via Swish on arrival at the hostel.Information on how to do this [&hellip;]","og_url":"https:\/\/skovdevandrarhem.se\/en\/booking-terms-2\/","og_site_name":"Sk\u00f6vde Vandrarhem","article_modified_time":"2021-12-13T13:34:19+00:00","og_image":[{"width":2560,"height":1707,"url":"https:\/\/skovdevandrarhem.se\/wp-content\/uploads\/2021\/07\/skovde-vandrarhemfoto-tuana-210528-195-scaled-e1632386404913.jpg","type":"image\/jpeg"}],"twitter_card":"summary_large_image","twitter_misc":{"Est. reading time":"2 minutes"},"schema":{"@context":"https:\/\/schema.org","@graph":[{"@type":"WebPage","@id":"https:\/\/skovdevandrarhem.se\/en\/booking-terms-2\/","url":"https:\/\/skovdevandrarhem.se\/en\/booking-terms-2\/","name":"Booking terms - Sk\u00f6vde Vandrarhem","isPartOf":{"@id":"https:\/\/skovdevandrarhem.se\/en\/#website"},"primaryImageOfPage":{"@id":"https:\/\/skovdevandrarhem.se\/en\/booking-terms-2\/#primaryimage"},"image":{"@id":"https:\/\/skovdevandrarhem.se\/en\/booking-terms-2\/#primaryimage"},"thumbnailUrl":"https:\/\/skovdevandrarhem.se\/wp-content\/uploads\/2021\/07\/skovde-vandrarhemfoto-tuana-210528-195-scaled-e1632386404913.jpg","datePublished":"2021-12-13T13:33:29+00:00","dateModified":"2021-12-13T13:34:19+00:00","breadcrumb":{"@id":"https:\/\/skovdevandrarhem.se\/en\/booking-terms-2\/#breadcrumb"},"inLanguage":"en-US","potentialAction":[{"@type":"ReadAction","target":["https:\/\/skovdevandrarhem.se\/en\/booking-terms-2\/"]}]},{"@type":"ImageObject","inLanguage":"en-US","@id":"https:\/\/skovdevandrarhem.se\/en\/booking-terms-2\/#primaryimage","url":"https:\/\/skovdevandrarhem.se\/wp-content\/uploads\/2021\/07\/skovde-vandrarhemfoto-tuana-210528-195-scaled-e1632386404913.jpg","contentUrl":"https:\/\/skovdevandrarhem.se\/wp-content\/uploads\/2021\/07\/skovde-vandrarhemfoto-tuana-210528-195-scaled-e1632386404913.jpg","width":2560,"height":1707,"caption":"Entrence to the garden at Sk\u00f6vde hostel"},{"@type":"BreadcrumbList","@id":"https:\/\/skovdevandrarhem.se\/en\/booking-terms-2\/#breadcrumb","itemListElement":[{"@type":"ListItem","position":1,"name":"Hem","item":"https:\/\/skovdevandrarhem.se\/en\/"},{"@type":"ListItem","position":2,"name":"Booking terms"}]},{"@type":"WebSite","@id":"https:\/\/skovdevandrarhem.se\/en\/#website","url":"https:\/\/skovdevandrarhem.se\/en\/","name":"Sk\u00f6vde Vandrarhem","description":"V\u00e4lkommen till Sk\u00f6vde vandrarhem, bel\u00e4get n\u00e4ra Sk\u00f6vde centrum men \u00e4nd\u00e5 i ett lungt omr\u00e5de. Huset \u00e4r en vacker sekelskiftsvilla med mycket snickargl\u00e4dje.","publisher":{"@id":"https:\/\/skovdevandrarhem.se\/en\/#organization"},"potentialAction":[{"@type":"SearchAction","target":{"@type":"EntryPoint","urlTemplate":"https:\/\/skovdevandrarhem.se\/en\/?s={search_term_string}"},"query-input":{"@type":"PropertyValueSpecification","valueRequired":true,"valueName":"search_term_string"}}],"inLanguage":"en-US"},{"@type":"Organization","@id":"https:\/\/skovdevandrarhem.se\/en\/#organization","name":"Sk\u00f6vde Vandrarhem","url":"https:\/\/skovdevandrarhem.se\/en\/","logo":{"@type":"ImageObject","inLanguage":"en-US","@id":"https:\/\/skovdevandrarhem.se\/en\/#\/schema\/logo\/image\/","url":"https:\/\/skovdevandrarhem.se\/wp-content\/uploads\/2020\/12\/SdeVandrarhem_grey_horizontal.png","contentUrl":"https:\/\/skovdevandrarhem.se\/wp-content\/uploads\/2020\/12\/SdeVandrarhem_grey_horizontal.png","width":500,"height":135,"caption":"Sk\u00f6vde Vandrarhem"},"image":{"@id":"https:\/\/skovdevandrarhem.se\/en\/#\/schema\/logo\/image\/"},"sameAs":["https:\/\/www.instagram.com\/billingensstugby\/"]}]}},"_links":{"self":[{"href":"https:\/\/skovdevandrarhem.se\/en\/wp-json\/wp\/v2\/pages\/3216","targetHints":{"allow":["GET"]}}],"collection":[{"href":"https:\/\/skovdevandrarhem.se\/en\/wp-json\/wp\/v2\/pages"}],"about":[{"href":"https:\/\/skovdevandrarhem.se\/en\/wp-json\/wp\/v2\/types\/page"}],"author":[{"embeddable":true,"href":"https:\/\/skovdevandrarhem.se\/en\/wp-json\/wp\/v2\/users\/6"}],"replies":[{"embeddable":true,"href":"https:\/\/skovdevandrarhem.se\/en\/wp-json\/wp\/v2\/comments?post=3216"}],"version-history":[{"count":4,"href":"https:\/\/skovdevandrarhem.se\/en\/wp-json\/wp\/v2\/pages\/3216\/revisions"}],"predecessor-version":[{"id":3227,"href":"https:\/\/skovdevandrarhem.se\/en\/wp-json\/wp\/v2\/pages\/3216\/revisions\/3227"}],"wp:featuredmedia":[{"embeddable":true,"href":"https:\/\/skovdevandrarhem.se\/en\/wp-json\/wp\/v2\/media\/2492"}],"wp:attachment":[{"href":"https:\/\/skovdevandrarhem.se\/en\/wp-json\/wp\/v2\/media?parent=3216"}],"curies":[{"name":"wp","href":"https:\/\/api.w.org\/{rel}","templated":true}]}}