{"id":3107,"date":"2021-02-08T17:35:07","date_gmt":"2021-02-08T16:35:07","guid":{"rendered":"https:\/\/skovdevandrarhem.se\/personuppgiftspolicy\/"},"modified":"2021-12-09T18:21:51","modified_gmt":"2021-12-09T17:21:51","slug":"gdpr","status":"publish","type":"page","link":"https:\/\/skovdevandrarhem.se\/en\/gdpr\/","title":{"rendered":"GDPR"},"content":{"rendered":"\t\t<div data-elementor-type=\"wp-page\" data-elementor-id=\"3107\" class=\"elementor elementor-3107 elementor-1815\" data-elementor-post-type=\"page\">\n\t\t\t\t\t\t<section class=\"elementor-section elementor-top-section elementor-element elementor-element-1a4e067b elementor-section-boxed elementor-section-height-default elementor-section-height-default\" data-id=\"1a4e067b\" data-element_type=\"section\" data-e-type=\"section\">\n\t\t\t\t\t\t<div class=\"elementor-container elementor-column-gap-default\">\n\t\t\t\t\t<div class=\"elementor-column elementor-col-100 elementor-top-column elementor-element elementor-element-7463dfce\" data-id=\"7463dfce\" data-element_type=\"column\" data-e-type=\"column\">\n\t\t\t<div class=\"elementor-widget-wrap elementor-element-populated\">\n\t\t\t\t\t\t<div class=\"elementor-element elementor-element-287893bb elementor-widget elementor-widget-text-editor\" data-id=\"287893bb\" data-element_type=\"widget\" data-e-type=\"widget\" data-widget_type=\"text-editor.default\">\n\t\t\t\t<div class=\"elementor-widget-container\">\n\t\t\t\t\t\t\t\t\t<p>Sk\u00f6vde hostel (556685-9046) is responsible for the processing of the personal data you register. When you make a booking, send an email or fill in a booking form via our website, we save the information to be able to help with your booking. The personal data is saved in order to be able to be followed up, as well as fulfill legal obligations imposed on the company. We may share your personal information with a third party, provided that we are required to do so by law. Other than that they are never passed on to anyone else and the information is protected with a password that only authorized staff at Sk\u00f6vde hostel have access to.<br \/>We use various cloud-based systems in our work such as booking systems, email sending systems, etc. where we register your information. All systems we use follow the GDPR and have a good policy when it comes to handling personal data.<br \/>You can request correction of any changed or incorrect information at any time. You can also notify in writing that you object to the personal data being used for marketing purposes.<br \/>Feel free to contact us if you have questions regarding our use of personal information. We are available by phone 0500-481718 or info@skovdevandrarhem.se<\/p>\t\t\t\t\t\t\t\t<\/div>\n\t\t\t\t<\/div>\n\t\t\t\t\t<\/div>\n\t\t<\/div>\n\t\t\t\t\t<\/div>\n\t\t<\/section>\n\t\t\t\t<\/div>\n\t\t","protected":false},"excerpt":{"rendered":"<p>Sk\u00f6vde hostel (556685-9046) is responsible for the processing of the personal data you register. When you make a booking, send an email or fill in a booking form via our website, we save the information to be able to help with your booking. The personal data is saved in order to be able to be [&hellip;]<\/p>\n","protected":false},"author":6,"featured_media":2492,"parent":0,"menu_order":0,"comment_status":"closed","ping_status":"closed","template":"","meta":{"_acf_changed":false,"_genesis_hide_title":false,"_genesis_hide_breadcrumbs":false,"_genesis_hide_singular_image":false,"_genesis_hide_footer_widgets":false,"_genesis_custom_body_class":"","_genesis_custom_post_class":"","_genesis_layout":"","footnotes":""},"class_list":{"0":"post-3107","1":"page","2":"type-page","3":"status-publish","4":"has-post-thumbnail","6":"entry"},"acf":[],"yoast_head":"<!-- This site is optimized with the Yoast SEO plugin v27.4 - https:\/\/yoast.com\/product\/yoast-seo-wordpress\/ -->\n<title>GDPR - Sk\u00f6vde Vandrarhem<\/title>\n<meta name=\"robots\" content=\"index, follow, max-snippet:-1, max-image-preview:large, max-video-preview:-1\" \/>\n<link rel=\"canonical\" href=\"https:\/\/skovdevandrarhem.se\/en\/gdpr\/\" \/>\n<meta property=\"og:locale\" content=\"en_US\" \/>\n<meta property=\"og:type\" content=\"article\" \/>\n<meta property=\"og:title\" content=\"GDPR - Sk\u00f6vde Vandrarhem\" \/>\n<meta property=\"og:description\" content=\"Sk\u00f6vde hostel (556685-9046) is responsible for the processing of the personal data you register. When you make a booking, send an email or fill in a booking form via our website, we save the information to be able to help with your booking. The personal data is saved in order to be able to be [&hellip;]\" \/>\n<meta property=\"og:url\" content=\"https:\/\/skovdevandrarhem.se\/en\/gdpr\/\" \/>\n<meta property=\"og:site_name\" content=\"Sk\u00f6vde Vandrarhem\" \/>\n<meta property=\"article:modified_time\" content=\"2021-12-09T17:21:51+00:00\" \/>\n<meta property=\"og:image\" content=\"https:\/\/skovdevandrarhem.se\/wp-content\/uploads\/2021\/07\/skovde-vandrarhemfoto-tuana-210528-195-scaled-e1632386404913.jpg\" \/>\n\t<meta property=\"og:image:width\" content=\"2560\" \/>\n\t<meta property=\"og:image:height\" content=\"1707\" \/>\n\t<meta property=\"og:image:type\" content=\"image\/jpeg\" \/>\n<meta name=\"twitter:card\" content=\"summary_large_image\" \/>\n<meta name=\"twitter:label1\" content=\"Est. reading time\" \/>\n\t<meta name=\"twitter:data1\" content=\"1 minute\" \/>\n<script type=\"application\/ld+json\" class=\"yoast-schema-graph\">{\"@context\":\"https:\\\/\\\/schema.org\",\"@graph\":[{\"@type\":\"WebPage\",\"@id\":\"https:\\\/\\\/skovdevandrarhem.se\\\/en\\\/gdpr\\\/\",\"url\":\"https:\\\/\\\/skovdevandrarhem.se\\\/en\\\/gdpr\\\/\",\"name\":\"GDPR - Sk\u00f6vde Vandrarhem\",\"isPartOf\":{\"@id\":\"https:\\\/\\\/skovdevandrarhem.se\\\/en\\\/#website\"},\"primaryImageOfPage\":{\"@id\":\"https:\\\/\\\/skovdevandrarhem.se\\\/en\\\/gdpr\\\/#primaryimage\"},\"image\":{\"@id\":\"https:\\\/\\\/skovdevandrarhem.se\\\/en\\\/gdpr\\\/#primaryimage\"},\"thumbnailUrl\":\"https:\\\/\\\/skovdevandrarhem.se\\\/wp-content\\\/uploads\\\/2021\\\/07\\\/skovde-vandrarhemfoto-tuana-210528-195-scaled-e1632386404913.jpg\",\"datePublished\":\"2021-02-08T16:35:07+00:00\",\"dateModified\":\"2021-12-09T17:21:51+00:00\",\"breadcrumb\":{\"@id\":\"https:\\\/\\\/skovdevandrarhem.se\\\/en\\\/gdpr\\\/#breadcrumb\"},\"inLanguage\":\"en-US\",\"potentialAction\":[{\"@type\":\"ReadAction\",\"target\":[\"https:\\\/\\\/skovdevandrarhem.se\\\/en\\\/gdpr\\\/\"]}]},{\"@type\":\"ImageObject\",\"inLanguage\":\"en-US\",\"@id\":\"https:\\\/\\\/skovdevandrarhem.se\\\/en\\\/gdpr\\\/#primaryimage\",\"url\":\"https:\\\/\\\/skovdevandrarhem.se\\\/wp-content\\\/uploads\\\/2021\\\/07\\\/skovde-vandrarhemfoto-tuana-210528-195-scaled-e1632386404913.jpg\",\"contentUrl\":\"https:\\\/\\\/skovdevandrarhem.se\\\/wp-content\\\/uploads\\\/2021\\\/07\\\/skovde-vandrarhemfoto-tuana-210528-195-scaled-e1632386404913.jpg\",\"width\":2560,\"height\":1707,\"caption\":\"Entrence to the garden at Sk\u00f6vde hostel\"},{\"@type\":\"BreadcrumbList\",\"@id\":\"https:\\\/\\\/skovdevandrarhem.se\\\/en\\\/gdpr\\\/#breadcrumb\",\"itemListElement\":[{\"@type\":\"ListItem\",\"position\":1,\"name\":\"Hem\",\"item\":\"https:\\\/\\\/skovdevandrarhem.se\\\/en\\\/\"},{\"@type\":\"ListItem\",\"position\":2,\"name\":\"GDPR\"}]},{\"@type\":\"WebSite\",\"@id\":\"https:\\\/\\\/skovdevandrarhem.se\\\/en\\\/#website\",\"url\":\"https:\\\/\\\/skovdevandrarhem.se\\\/en\\\/\",\"name\":\"Sk\u00f6vde Vandrarhem\",\"description\":\"V\u00e4lkommen till Sk\u00f6vde vandrarhem, bel\u00e4get n\u00e4ra Sk\u00f6vde centrum men \u00e4nd\u00e5 i ett lungt omr\u00e5de. Huset \u00e4r en vacker sekelskiftsvilla med mycket snickargl\u00e4dje.\",\"publisher\":{\"@id\":\"https:\\\/\\\/skovdevandrarhem.se\\\/en\\\/#organization\"},\"potentialAction\":[{\"@type\":\"SearchAction\",\"target\":{\"@type\":\"EntryPoint\",\"urlTemplate\":\"https:\\\/\\\/skovdevandrarhem.se\\\/en\\\/?s={search_term_string}\"},\"query-input\":{\"@type\":\"PropertyValueSpecification\",\"valueRequired\":true,\"valueName\":\"search_term_string\"}}],\"inLanguage\":\"en-US\"},{\"@type\":\"Organization\",\"@id\":\"https:\\\/\\\/skovdevandrarhem.se\\\/en\\\/#organization\",\"name\":\"Sk\u00f6vde Vandrarhem\",\"url\":\"https:\\\/\\\/skovdevandrarhem.se\\\/en\\\/\",\"logo\":{\"@type\":\"ImageObject\",\"inLanguage\":\"en-US\",\"@id\":\"https:\\\/\\\/skovdevandrarhem.se\\\/en\\\/#\\\/schema\\\/logo\\\/image\\\/\",\"url\":\"https:\\\/\\\/skovdevandrarhem.se\\\/wp-content\\\/uploads\\\/2020\\\/12\\\/SdeVandrarhem_grey_horizontal.png\",\"contentUrl\":\"https:\\\/\\\/skovdevandrarhem.se\\\/wp-content\\\/uploads\\\/2020\\\/12\\\/SdeVandrarhem_grey_horizontal.png\",\"width\":500,\"height\":135,\"caption\":\"Sk\u00f6vde Vandrarhem\"},\"image\":{\"@id\":\"https:\\\/\\\/skovdevandrarhem.se\\\/en\\\/#\\\/schema\\\/logo\\\/image\\\/\"},\"sameAs\":[\"https:\\\/\\\/www.instagram.com\\\/billingensstugby\\\/\"]}]}<\/script>\n<!-- \/ Yoast SEO plugin. -->","yoast_head_json":{"title":"GDPR - Sk\u00f6vde Vandrarhem","robots":{"index":"index","follow":"follow","max-snippet":"max-snippet:-1","max-image-preview":"max-image-preview:large","max-video-preview":"max-video-preview:-1"},"canonical":"https:\/\/skovdevandrarhem.se\/en\/gdpr\/","og_locale":"en_US","og_type":"article","og_title":"GDPR - Sk\u00f6vde Vandrarhem","og_description":"Sk\u00f6vde hostel (556685-9046) is responsible for the processing of the personal data you register. When you make a booking, send an email or fill in a booking form via our website, we save the information to be able to help with your booking. The personal data is saved in order to be able to be [&hellip;]","og_url":"https:\/\/skovdevandrarhem.se\/en\/gdpr\/","og_site_name":"Sk\u00f6vde Vandrarhem","article_modified_time":"2021-12-09T17:21:51+00:00","og_image":[{"width":2560,"height":1707,"url":"https:\/\/skovdevandrarhem.se\/wp-content\/uploads\/2021\/07\/skovde-vandrarhemfoto-tuana-210528-195-scaled-e1632386404913.jpg","type":"image\/jpeg"}],"twitter_card":"summary_large_image","twitter_misc":{"Est. reading time":"1 minute"},"schema":{"@context":"https:\/\/schema.org","@graph":[{"@type":"WebPage","@id":"https:\/\/skovdevandrarhem.se\/en\/gdpr\/","url":"https:\/\/skovdevandrarhem.se\/en\/gdpr\/","name":"GDPR - Sk\u00f6vde Vandrarhem","isPartOf":{"@id":"https:\/\/skovdevandrarhem.se\/en\/#website"},"primaryImageOfPage":{"@id":"https:\/\/skovdevandrarhem.se\/en\/gdpr\/#primaryimage"},"image":{"@id":"https:\/\/skovdevandrarhem.se\/en\/gdpr\/#primaryimage"},"thumbnailUrl":"https:\/\/skovdevandrarhem.se\/wp-content\/uploads\/2021\/07\/skovde-vandrarhemfoto-tuana-210528-195-scaled-e1632386404913.jpg","datePublished":"2021-02-08T16:35:07+00:00","dateModified":"2021-12-09T17:21:51+00:00","breadcrumb":{"@id":"https:\/\/skovdevandrarhem.se\/en\/gdpr\/#breadcrumb"},"inLanguage":"en-US","potentialAction":[{"@type":"ReadAction","target":["https:\/\/skovdevandrarhem.se\/en\/gdpr\/"]}]},{"@type":"ImageObject","inLanguage":"en-US","@id":"https:\/\/skovdevandrarhem.se\/en\/gdpr\/#primaryimage","url":"https:\/\/skovdevandrarhem.se\/wp-content\/uploads\/2021\/07\/skovde-vandrarhemfoto-tuana-210528-195-scaled-e1632386404913.jpg","contentUrl":"https:\/\/skovdevandrarhem.se\/wp-content\/uploads\/2021\/07\/skovde-vandrarhemfoto-tuana-210528-195-scaled-e1632386404913.jpg","width":2560,"height":1707,"caption":"Entrence to the garden at Sk\u00f6vde hostel"},{"@type":"BreadcrumbList","@id":"https:\/\/skovdevandrarhem.se\/en\/gdpr\/#breadcrumb","itemListElement":[{"@type":"ListItem","position":1,"name":"Hem","item":"https:\/\/skovdevandrarhem.se\/en\/"},{"@type":"ListItem","position":2,"name":"GDPR"}]},{"@type":"WebSite","@id":"https:\/\/skovdevandrarhem.se\/en\/#website","url":"https:\/\/skovdevandrarhem.se\/en\/","name":"Sk\u00f6vde Vandrarhem","description":"V\u00e4lkommen till Sk\u00f6vde vandrarhem, bel\u00e4get n\u00e4ra Sk\u00f6vde centrum men \u00e4nd\u00e5 i ett lungt omr\u00e5de. Huset \u00e4r en vacker sekelskiftsvilla med mycket snickargl\u00e4dje.","publisher":{"@id":"https:\/\/skovdevandrarhem.se\/en\/#organization"},"potentialAction":[{"@type":"SearchAction","target":{"@type":"EntryPoint","urlTemplate":"https:\/\/skovdevandrarhem.se\/en\/?s={search_term_string}"},"query-input":{"@type":"PropertyValueSpecification","valueRequired":true,"valueName":"search_term_string"}}],"inLanguage":"en-US"},{"@type":"Organization","@id":"https:\/\/skovdevandrarhem.se\/en\/#organization","name":"Sk\u00f6vde Vandrarhem","url":"https:\/\/skovdevandrarhem.se\/en\/","logo":{"@type":"ImageObject","inLanguage":"en-US","@id":"https:\/\/skovdevandrarhem.se\/en\/#\/schema\/logo\/image\/","url":"https:\/\/skovdevandrarhem.se\/wp-content\/uploads\/2020\/12\/SdeVandrarhem_grey_horizontal.png","contentUrl":"https:\/\/skovdevandrarhem.se\/wp-content\/uploads\/2020\/12\/SdeVandrarhem_grey_horizontal.png","width":500,"height":135,"caption":"Sk\u00f6vde Vandrarhem"},"image":{"@id":"https:\/\/skovdevandrarhem.se\/en\/#\/schema\/logo\/image\/"},"sameAs":["https:\/\/www.instagram.com\/billingensstugby\/"]}]}},"_links":{"self":[{"href":"https:\/\/skovdevandrarhem.se\/en\/wp-json\/wp\/v2\/pages\/3107","targetHints":{"allow":["GET"]}}],"collection":[{"href":"https:\/\/skovdevandrarhem.se\/en\/wp-json\/wp\/v2\/pages"}],"about":[{"href":"https:\/\/skovdevandrarhem.se\/en\/wp-json\/wp\/v2\/types\/page"}],"author":[{"embeddable":true,"href":"https:\/\/skovdevandrarhem.se\/en\/wp-json\/wp\/v2\/users\/6"}],"replies":[{"embeddable":true,"href":"https:\/\/skovdevandrarhem.se\/en\/wp-json\/wp\/v2\/comments?post=3107"}],"version-history":[{"count":5,"href":"https:\/\/skovdevandrarhem.se\/en\/wp-json\/wp\/v2\/pages\/3107\/revisions"}],"predecessor-version":[{"id":3136,"href":"https:\/\/skovdevandrarhem.se\/en\/wp-json\/wp\/v2\/pages\/3107\/revisions\/3136"}],"wp:featuredmedia":[{"embeddable":true,"href":"https:\/\/skovdevandrarhem.se\/en\/wp-json\/wp\/v2\/media\/2492"}],"wp:attachment":[{"href":"https:\/\/skovdevandrarhem.se\/en\/wp-json\/wp\/v2\/media?parent=3107"}],"curies":[{"name":"wp","href":"https:\/\/api.w.org\/{rel}","templated":true}]}}