{"id":3002,"date":"2016-11-15T09:21:25","date_gmt":"2016-11-15T08:21:25","guid":{"rendered":"https:\/\/skovdevandrarhem.se\/se-gora\/"},"modified":"2021-12-09T18:23:13","modified_gmt":"2021-12-09T17:23:13","slug":"see-do","status":"publish","type":"page","link":"https:\/\/skovdevandrarhem.se\/en\/see-do\/","title":{"rendered":"See &#038; Do"},"content":{"rendered":"\t\t<div data-elementor-type=\"wp-page\" data-elementor-id=\"3002\" class=\"elementor elementor-3002 elementor-16\" data-elementor-post-type=\"page\">\n\t\t\t\t\t\t<section class=\"elementor-section elementor-top-section elementor-element elementor-element-28dfc3e elementor-section-height-min-height elementor-section-boxed elementor-section-height-default elementor-section-items-middle\" data-id=\"28dfc3e\" data-element_type=\"section\" data-e-type=\"section\" data-settings=\"{&quot;background_background&quot;:&quot;classic&quot;}\">\n\t\t\t\t\t\t<div class=\"elementor-container elementor-column-gap-default\">\n\t\t\t\t\t<div class=\"elementor-column elementor-col-100 elementor-top-column elementor-element elementor-element-5353f4d1\" data-id=\"5353f4d1\" data-element_type=\"column\" data-e-type=\"column\">\n\t\t\t<div class=\"elementor-widget-wrap elementor-element-populated\">\n\t\t\t\t\t\t<div class=\"elementor-element elementor-element-5040b624 elementor-widget elementor-widget-heading\" data-id=\"5040b624\" data-element_type=\"widget\" data-e-type=\"widget\" data-widget_type=\"heading.default\">\n\t\t\t\t<div class=\"elementor-widget-container\">\n\t\t\t\t\t<h1 class=\"elementor-heading-title elementor-size-default\">See &#038; Do<\/h1>\t\t\t\t<\/div>\n\t\t\t\t<\/div>\n\t\t\t\t\t<\/div>\n\t\t<\/div>\n\t\t\t\t\t<\/div>\n\t\t<\/section>\n\t\t\t\t<section class=\"elementor-section elementor-top-section elementor-element elementor-element-1f39d34c elementor-section-boxed elementor-section-height-default elementor-section-height-default\" data-id=\"1f39d34c\" data-element_type=\"section\" data-e-type=\"section\">\n\t\t\t\t\t\t<div class=\"elementor-container elementor-column-gap-default\">\n\t\t\t\t\t<div class=\"elementor-column elementor-col-100 elementor-top-column elementor-element elementor-element-49b4d4ce\" data-id=\"49b4d4ce\" data-element_type=\"column\" data-e-type=\"column\">\n\t\t\t<div class=\"elementor-widget-wrap elementor-element-populated\">\n\t\t\t\t\t\t<div class=\"elementor-element elementor-element-497f2f7e elementor-widget elementor-widget-spacer\" data-id=\"497f2f7e\" data-element_type=\"widget\" data-e-type=\"widget\" data-widget_type=\"spacer.default\">\n\t\t\t\t<div class=\"elementor-widget-container\">\n\t\t\t\t\t\t\t<div class=\"elementor-spacer\">\n\t\t\t<div class=\"elementor-spacer-inner\"><\/div>\n\t\t<\/div>\n\t\t\t\t\t\t<\/div>\n\t\t\t\t<\/div>\n\t\t\t\t\t<\/div>\n\t\t<\/div>\n\t\t\t\t\t<\/div>\n\t\t<\/section>\n\t\t\t\t<section class=\"elementor-section elementor-top-section elementor-element elementor-element-8686571 elementor-section-full_width elementor-section-height-default elementor-section-height-default\" data-id=\"8686571\" data-element_type=\"section\" data-e-type=\"section\">\n\t\t\t\t\t\t<div class=\"elementor-container elementor-column-gap-no\">\n\t\t\t\t\t<div class=\"elementor-column elementor-col-100 elementor-top-column elementor-element elementor-element-057c4ad\" data-id=\"057c4ad\" data-element_type=\"column\" data-e-type=\"column\">\n\t\t\t<div class=\"elementor-widget-wrap elementor-element-populated\">\n\t\t\t\t\t\t<div class=\"elementor-element elementor-element-20b3422 elementor-cta--valign-middle elementor-cta--layout-image-left elementor-cta--mobile-layout-image-above elementor-cta--skin-classic elementor-bg-transform elementor-bg-transform-zoom-in elementor-invisible elementor-widget elementor-widget-call-to-action\" data-id=\"20b3422\" data-element_type=\"widget\" data-e-type=\"widget\" data-settings=\"{&quot;_animation&quot;:&quot;fadeIn&quot;}\" data-widget_type=\"call-to-action.default\">\n\t\t\t\t<div class=\"elementor-widget-container\">\n\t\t\t\t\t\t\t<div class=\"elementor-cta\">\n\t\t\t\t\t<div class=\"elementor-cta__bg-wrapper\">\n\t\t\t\t<div class=\"elementor-cta__bg elementor-bg\" style=\"background-image: url(https:\/\/skovdevandrarhem.se\/wp-content\/uploads\/2021\/10\/DJI_0095-1024x767.jpg);\" role=\"img\" aria-label=\"Sk\u00f6vde citycentre\"><\/div>\n\t\t\t\t<div class=\"elementor-cta__bg-overlay\"><\/div>\n\t\t\t<\/div>\n\t\t\t\t\t\t\t<div class=\"elementor-cta__content\">\n\t\t\t\t\n\t\t\t\t\t\t\t\t\t<h2 class=\"elementor-cta__title elementor-cta__content-item elementor-content-item\">\n\t\t\t\t\t\t<b>Sk\u00f6vde<\/b><br>\t\t\t\t\t<\/h2>\n\t\t\t\t\n\t\t\t\t\t\t\t\t\t<div class=\"elementor-cta__description elementor-cta__content-item elementor-content-item\">\n\t\t\t\t\t\tIf you want to discover what there is to do in the surroundings, we recommend that you visit Next Sk\u00f6vde's website (official tourist office), where you will find what Sk\u00f6vde has to offer in events, sights and activities. In Sk\u00f6vde you will find, among other things, Arena Sk\u00f6vde, which has been chosen as Sweden's best waterpark for several years in a row.\t\t\t\t\t<\/div>\n\t\t\t\t\n\t\t\t\t\t\t\t\t\t<div class=\"elementor-cta__button-wrapper elementor-cta__content-item elementor-content-item \">\n\t\t\t\t\t<a class=\"elementor-cta__button elementor-button elementor-size-\" href=\"https:\/\/www.vastsverige.com\/en\/skovde\/\" target=\"_blank\">\n\t\t\t\t\t\tNext Sk\u00f6vde\t\t\t\t\t<\/a>\n\t\t\t\t\t<\/div>\n\t\t\t\t\t\t\t<\/div>\n\t\t\t\t\t\t<\/div>\n\t\t\t\t\t\t<\/div>\n\t\t\t\t<\/div>\n\t\t\t\t<div class=\"elementor-element elementor-element-ae0d7f2 elementor-cta--valign-middle elementor-cta--layout-image-right elementor-cta--mobile-layout-image-above elementor-cta--skin-classic elementor-bg-transform elementor-bg-transform-zoom-in elementor-invisible elementor-widget elementor-widget-call-to-action\" data-id=\"ae0d7f2\" data-element_type=\"widget\" data-e-type=\"widget\" data-settings=\"{&quot;_animation&quot;:&quot;fadeIn&quot;}\" data-widget_type=\"call-to-action.default\">\n\t\t\t\t<div class=\"elementor-widget-container\">\n\t\t\t\t\t\t\t<div class=\"elementor-cta\">\n\t\t\t\t\t<div class=\"elementor-cta__bg-wrapper\">\n\t\t\t\t<div class=\"elementor-cta__bg elementor-bg\" style=\"background-image: url(https:\/\/skovdevandrarhem.se\/wp-content\/uploads\/2021\/10\/130927-4638-683x1024.jpg);\" role=\"img\" aria-label=\"Climbers at Ryds caves\"><\/div>\n\t\t\t\t<div class=\"elementor-cta__bg-overlay\"><\/div>\n\t\t\t<\/div>\n\t\t\t\t\t\t\t<div class=\"elementor-cta__content\">\n\t\t\t\t\n\t\t\t\t\t\t\t\t\t<h2 class=\"elementor-cta__title elementor-cta__content-item elementor-content-item\">\n\t\t\t\t\t\t<b>Billingen<\/b><br>\t\t\t\t\t<\/h2>\n\t\t\t\t\n\t\t\t\t\t\t\t\t\t<div class=\"elementor-cta__description elementor-cta__content-item elementor-content-item\">\n\t\t\t\t\t\tBillingen is one of V\u00e4sterg\u00f6tland's 15 plateau mountains and is located 4 km from Sk\u00f6vde hostel. This is a fantastic nature area with hiking trails that offer magnificent nature experiences. There are MTB trails, exercise trails, barbecue areas, lakes, outdoor pools and much more. In winter, it is a real winter paradise with several miles of cross-country ski trails.\t\t\t\t\t<\/div>\n\t\t\t\t\n\t\t\t\t\t\t\t\t\t<div class=\"elementor-cta__button-wrapper elementor-cta__content-item elementor-content-item \">\n\t\t\t\t\t<a class=\"elementor-cta__button elementor-button elementor-size-\" href=\"https:\/\/www.vastsverige.com\/billingen\/\" target=\"_blank\">\n\t\t\t\t\t\tBillingen Sk\u00f6vde\t\t\t\t\t<\/a>\n\t\t\t\t\t<\/div>\n\t\t\t\t\t\t\t<\/div>\n\t\t\t\t\t\t<\/div>\n\t\t\t\t\t\t<\/div>\n\t\t\t\t<\/div>\n\t\t\t\t<div class=\"elementor-element elementor-element-bb911ac elementor-cta--valign-middle elementor-cta--layout-image-left elementor-cta--mobile-layout-image-above elementor-cta--skin-classic elementor-bg-transform elementor-bg-transform-zoom-in elementor-invisible elementor-widget elementor-widget-call-to-action\" data-id=\"bb911ac\" data-element_type=\"widget\" data-e-type=\"widget\" data-settings=\"{&quot;_animation&quot;:&quot;fadeIn&quot;}\" data-widget_type=\"call-to-action.default\">\n\t\t\t\t<div class=\"elementor-widget-container\">\n\t\t\t\t\t\t\t<div class=\"elementor-cta\">\n\t\t\t\t\t<div class=\"elementor-cta__bg-wrapper\">\n\t\t\t\t<div class=\"elementor-cta__bg elementor-bg\" style=\"background-image: url(https:\/\/skovdevandrarhem.se\/wp-content\/uploads\/2021\/10\/Lacko-Sommar-SlottKajak-Photo-Cred-Roger-Borgel-1024x688.jpg);\" role=\"img\" aria-label=\"Kayaks in front of L\u00e4ck\u00f6 castle\"><\/div>\n\t\t\t\t<div class=\"elementor-cta__bg-overlay\"><\/div>\n\t\t\t<\/div>\n\t\t\t\t\t\t\t<div class=\"elementor-cta__content\">\n\t\t\t\t\n\t\t\t\t\t\t\t\t\t<h2 class=\"elementor-cta__title elementor-cta__content-item elementor-content-item\">\n\t\t\t\t\t\t<b>Skaraborg<\/b><br><br>Within a few miles radius you will find some of Skaraborg's biggest sights.\t\t\t\t\t<\/h2>\n\t\t\t\t\n\t\t\t\t\t\t\t\t\t<div class=\"elementor-cta__description elementor-cta__content-item elementor-content-item\">\n\t\t\t\t\t\tVarnhem 10 km<br>Hornborgasj\u00f6n 20 km<br>Skara sommarland 20 km<br>G\u00f6ta Kanal 30-60 km<br>Karlsborgs f\u00e4stning 50 km<br>L\u00e4ck\u00f6 Slott 75 km\t\t\t\t\t<\/div>\n\t\t\t\t\n\t\t\t\t\t\t\t\t\t<div class=\"elementor-cta__button-wrapper elementor-cta__content-item elementor-content-item \">\n\t\t\t\t\t<a class=\"elementor-cta__button elementor-button elementor-size-\" href=\"https:\/\/www.vastsverige.com\/en\/skaraborg\/\" target=\"_blank\">\n\t\t\t\t\t\tSkaraborg\t\t\t\t\t<\/a>\n\t\t\t\t\t<\/div>\n\t\t\t\t\t\t\t<\/div>\n\t\t\t\t\t\t<\/div>\n\t\t\t\t\t\t<\/div>\n\t\t\t\t<\/div>\n\t\t\t\t\t<\/div>\n\t\t<\/div>\n\t\t\t\t\t<\/div>\n\t\t<\/section>\n\t\t\t\t<section class=\"elementor-section elementor-top-section elementor-element elementor-element-8707bd2 elementor-section-boxed elementor-section-height-default elementor-section-height-default\" data-id=\"8707bd2\" data-element_type=\"section\" data-e-type=\"section\">\n\t\t\t\t\t\t<div class=\"elementor-container elementor-column-gap-default\">\n\t\t\t\t\t<div class=\"elementor-column elementor-col-100 elementor-top-column elementor-element elementor-element-647ce95\" data-id=\"647ce95\" data-element_type=\"column\" data-e-type=\"column\">\n\t\t\t<div class=\"elementor-widget-wrap elementor-element-populated\">\n\t\t\t\t\t\t<div class=\"elementor-element elementor-element-45ef90a elementor-widget elementor-widget-spacer\" data-id=\"45ef90a\" data-element_type=\"widget\" data-e-type=\"widget\" data-widget_type=\"spacer.default\">\n\t\t\t\t<div class=\"elementor-widget-container\">\n\t\t\t\t\t\t\t<div class=\"elementor-spacer\">\n\t\t\t<div class=\"elementor-spacer-inner\"><\/div>\n\t\t<\/div>\n\t\t\t\t\t\t<\/div>\n\t\t\t\t<\/div>\n\t\t\t\t\t<\/div>\n\t\t<\/div>\n\t\t\t\t\t<\/div>\n\t\t<\/section>\n\t\t\t\t<\/div>\n\t\t","protected":false},"excerpt":{"rendered":"<p>Sk\u00f6vde If you want to discover what there is to do in the surroundings, we recommend that you visit Next Sk\u00f6vde&#8217;s website (official tourist office), where you will find what Sk\u00f6vde has to offer in events, sights and activities. In Sk\u00f6vde you will find, among other things, Arena Sk\u00f6vde, which has been chosen as Sweden&#8217;s [&hellip;]<\/p>\n","protected":false},"author":12,"featured_media":2667,"parent":0,"menu_order":0,"comment_status":"closed","ping_status":"closed","template":"elementor_header_footer","meta":{"_acf_changed":false,"_genesis_hide_title":false,"_genesis_hide_breadcrumbs":false,"_genesis_hide_singular_image":false,"_genesis_hide_footer_widgets":false,"_genesis_custom_body_class":"","_genesis_custom_post_class":"","_genesis_layout":"","footnotes":""},"class_list":{"0":"post-3002","1":"page","2":"type-page","3":"status-publish","4":"has-post-thumbnail","6":"entry"},"acf":[],"yoast_head":"<!-- This site is optimized with the Yoast SEO plugin v27.4 - https:\/\/yoast.com\/product\/yoast-seo-wordpress\/ -->\n<title>See &amp; Do - Sk\u00f6vde Vandrarhem<\/title>\n<meta name=\"description\" content=\"H\u00e4r tipsar vi om vad du kan se och g\u00f6ra n\u00e4r du bes\u00f6ker Billingens stugby &amp; camping. Hitta tips p\u00e5 vad som finns att g\u00f6ra b\u00e5de Sk\u00f6vde och Skaraborg.\" \/>\n<meta name=\"robots\" content=\"index, follow, max-snippet:-1, max-image-preview:large, max-video-preview:-1\" \/>\n<link rel=\"canonical\" href=\"https:\/\/skovdevandrarhem.se\/en\/see-do\/\" \/>\n<meta property=\"og:locale\" content=\"en_US\" \/>\n<meta property=\"og:type\" content=\"article\" \/>\n<meta property=\"og:title\" content=\"See &amp; Do - Sk\u00f6vde Vandrarhem\" \/>\n<meta property=\"og:description\" content=\"H\u00e4r tipsar vi om vad du kan se och g\u00f6ra n\u00e4r du bes\u00f6ker Billingens stugby &amp; camping. Hitta tips p\u00e5 vad som finns att g\u00f6ra b\u00e5de Sk\u00f6vde och Skaraborg.\" \/>\n<meta property=\"og:url\" content=\"https:\/\/skovdevandrarhem.se\/en\/see-do\/\" \/>\n<meta property=\"og:site_name\" content=\"Sk\u00f6vde Vandrarhem\" \/>\n<meta property=\"article:modified_time\" content=\"2021-12-09T17:23:13+00:00\" \/>\n<meta property=\"og:image\" content=\"https:\/\/skovdevandrarhem.se\/wp-content\/uploads\/2021\/08\/20200821_141806-scaled.jpg\" \/>\n\t<meta property=\"og:image:width\" content=\"2560\" \/>\n\t<meta property=\"og:image:height\" content=\"1440\" \/>\n\t<meta property=\"og:image:type\" content=\"image\/jpeg\" \/>\n<meta name=\"twitter:card\" content=\"summary_large_image\" \/>\n<meta name=\"twitter:label1\" content=\"Est. reading time\" \/>\n\t<meta name=\"twitter:data1\" content=\"1 minute\" \/>\n<script type=\"application\/ld+json\" class=\"yoast-schema-graph\">{\"@context\":\"https:\\\/\\\/schema.org\",\"@graph\":[{\"@type\":\"WebPage\",\"@id\":\"https:\\\/\\\/skovdevandrarhem.se\\\/en\\\/see-do\\\/\",\"url\":\"https:\\\/\\\/skovdevandrarhem.se\\\/en\\\/see-do\\\/\",\"name\":\"See & Do - Sk\u00f6vde Vandrarhem\",\"isPartOf\":{\"@id\":\"https:\\\/\\\/skovdevandrarhem.se\\\/en\\\/#website\"},\"primaryImageOfPage\":{\"@id\":\"https:\\\/\\\/skovdevandrarhem.se\\\/en\\\/see-do\\\/#primaryimage\"},\"image\":{\"@id\":\"https:\\\/\\\/skovdevandrarhem.se\\\/en\\\/see-do\\\/#primaryimage\"},\"thumbnailUrl\":\"https:\\\/\\\/skovdevandrarhem.se\\\/wp-content\\\/uploads\\\/2021\\\/08\\\/20200821_141806-scaled.jpg\",\"datePublished\":\"2016-11-15T08:21:25+00:00\",\"dateModified\":\"2021-12-09T17:23:13+00:00\",\"description\":\"H\u00e4r tipsar vi om vad du kan se och g\u00f6ra n\u00e4r du bes\u00f6ker Billingens stugby & camping. Hitta tips p\u00e5 vad som finns att g\u00f6ra b\u00e5de Sk\u00f6vde och Skaraborg.\",\"breadcrumb\":{\"@id\":\"https:\\\/\\\/skovdevandrarhem.se\\\/en\\\/see-do\\\/#breadcrumb\"},\"inLanguage\":\"en-US\",\"potentialAction\":[{\"@type\":\"ReadAction\",\"target\":[\"https:\\\/\\\/skovdevandrarhem.se\\\/en\\\/see-do\\\/\"]}]},{\"@type\":\"ImageObject\",\"inLanguage\":\"en-US\",\"@id\":\"https:\\\/\\\/skovdevandrarhem.se\\\/en\\\/see-do\\\/#primaryimage\",\"url\":\"https:\\\/\\\/skovdevandrarhem.se\\\/wp-content\\\/uploads\\\/2021\\\/08\\\/20200821_141806-scaled.jpg\",\"contentUrl\":\"https:\\\/\\\/skovdevandrarhem.se\\\/wp-content\\\/uploads\\\/2021\\\/08\\\/20200821_141806-scaled.jpg\",\"width\":2560,\"height\":1440,\"caption\":\"Bike ride thru the bridgehouse in Vaholm\"},{\"@type\":\"BreadcrumbList\",\"@id\":\"https:\\\/\\\/skovdevandrarhem.se\\\/en\\\/see-do\\\/#breadcrumb\",\"itemListElement\":[{\"@type\":\"ListItem\",\"position\":1,\"name\":\"Hem\",\"item\":\"https:\\\/\\\/skovdevandrarhem.se\\\/en\\\/\"},{\"@type\":\"ListItem\",\"position\":2,\"name\":\"See &#038; Do\"}]},{\"@type\":\"WebSite\",\"@id\":\"https:\\\/\\\/skovdevandrarhem.se\\\/en\\\/#website\",\"url\":\"https:\\\/\\\/skovdevandrarhem.se\\\/en\\\/\",\"name\":\"Sk\u00f6vde Vandrarhem\",\"description\":\"V\u00e4lkommen till Sk\u00f6vde vandrarhem, bel\u00e4get n\u00e4ra Sk\u00f6vde centrum men \u00e4nd\u00e5 i ett lungt omr\u00e5de. Huset \u00e4r en vacker sekelskiftsvilla med mycket snickargl\u00e4dje.\",\"publisher\":{\"@id\":\"https:\\\/\\\/skovdevandrarhem.se\\\/en\\\/#organization\"},\"potentialAction\":[{\"@type\":\"SearchAction\",\"target\":{\"@type\":\"EntryPoint\",\"urlTemplate\":\"https:\\\/\\\/skovdevandrarhem.se\\\/en\\\/?s={search_term_string}\"},\"query-input\":{\"@type\":\"PropertyValueSpecification\",\"valueRequired\":true,\"valueName\":\"search_term_string\"}}],\"inLanguage\":\"en-US\"},{\"@type\":\"Organization\",\"@id\":\"https:\\\/\\\/skovdevandrarhem.se\\\/en\\\/#organization\",\"name\":\"Sk\u00f6vde Vandrarhem\",\"url\":\"https:\\\/\\\/skovdevandrarhem.se\\\/en\\\/\",\"logo\":{\"@type\":\"ImageObject\",\"inLanguage\":\"en-US\",\"@id\":\"https:\\\/\\\/skovdevandrarhem.se\\\/en\\\/#\\\/schema\\\/logo\\\/image\\\/\",\"url\":\"https:\\\/\\\/skovdevandrarhem.se\\\/wp-content\\\/uploads\\\/2020\\\/12\\\/SdeVandrarhem_grey_horizontal.png\",\"contentUrl\":\"https:\\\/\\\/skovdevandrarhem.se\\\/wp-content\\\/uploads\\\/2020\\\/12\\\/SdeVandrarhem_grey_horizontal.png\",\"width\":500,\"height\":135,\"caption\":\"Sk\u00f6vde Vandrarhem\"},\"image\":{\"@id\":\"https:\\\/\\\/skovdevandrarhem.se\\\/en\\\/#\\\/schema\\\/logo\\\/image\\\/\"},\"sameAs\":[\"https:\\\/\\\/www.instagram.com\\\/billingensstugby\\\/\"]}]}<\/script>\n<!-- \/ Yoast SEO plugin. -->","yoast_head_json":{"title":"See & Do - Sk\u00f6vde Vandrarhem","description":"H\u00e4r tipsar vi om vad du kan se och g\u00f6ra n\u00e4r du bes\u00f6ker Billingens stugby & camping. Hitta tips p\u00e5 vad som finns att g\u00f6ra b\u00e5de Sk\u00f6vde och Skaraborg.","robots":{"index":"index","follow":"follow","max-snippet":"max-snippet:-1","max-image-preview":"max-image-preview:large","max-video-preview":"max-video-preview:-1"},"canonical":"https:\/\/skovdevandrarhem.se\/en\/see-do\/","og_locale":"en_US","og_type":"article","og_title":"See & Do - Sk\u00f6vde Vandrarhem","og_description":"H\u00e4r tipsar vi om vad du kan se och g\u00f6ra n\u00e4r du bes\u00f6ker Billingens stugby & camping. Hitta tips p\u00e5 vad som finns att g\u00f6ra b\u00e5de Sk\u00f6vde och Skaraborg.","og_url":"https:\/\/skovdevandrarhem.se\/en\/see-do\/","og_site_name":"Sk\u00f6vde Vandrarhem","article_modified_time":"2021-12-09T17:23:13+00:00","og_image":[{"width":2560,"height":1440,"url":"https:\/\/skovdevandrarhem.se\/wp-content\/uploads\/2021\/08\/20200821_141806-scaled.jpg","type":"image\/jpeg"}],"twitter_card":"summary_large_image","twitter_misc":{"Est. reading time":"1 minute"},"schema":{"@context":"https:\/\/schema.org","@graph":[{"@type":"WebPage","@id":"https:\/\/skovdevandrarhem.se\/en\/see-do\/","url":"https:\/\/skovdevandrarhem.se\/en\/see-do\/","name":"See & Do - Sk\u00f6vde Vandrarhem","isPartOf":{"@id":"https:\/\/skovdevandrarhem.se\/en\/#website"},"primaryImageOfPage":{"@id":"https:\/\/skovdevandrarhem.se\/en\/see-do\/#primaryimage"},"image":{"@id":"https:\/\/skovdevandrarhem.se\/en\/see-do\/#primaryimage"},"thumbnailUrl":"https:\/\/skovdevandrarhem.se\/wp-content\/uploads\/2021\/08\/20200821_141806-scaled.jpg","datePublished":"2016-11-15T08:21:25+00:00","dateModified":"2021-12-09T17:23:13+00:00","description":"H\u00e4r tipsar vi om vad du kan se och g\u00f6ra n\u00e4r du bes\u00f6ker Billingens stugby & camping. Hitta tips p\u00e5 vad som finns att g\u00f6ra b\u00e5de Sk\u00f6vde och Skaraborg.","breadcrumb":{"@id":"https:\/\/skovdevandrarhem.se\/en\/see-do\/#breadcrumb"},"inLanguage":"en-US","potentialAction":[{"@type":"ReadAction","target":["https:\/\/skovdevandrarhem.se\/en\/see-do\/"]}]},{"@type":"ImageObject","inLanguage":"en-US","@id":"https:\/\/skovdevandrarhem.se\/en\/see-do\/#primaryimage","url":"https:\/\/skovdevandrarhem.se\/wp-content\/uploads\/2021\/08\/20200821_141806-scaled.jpg","contentUrl":"https:\/\/skovdevandrarhem.se\/wp-content\/uploads\/2021\/08\/20200821_141806-scaled.jpg","width":2560,"height":1440,"caption":"Bike ride thru the bridgehouse in Vaholm"},{"@type":"BreadcrumbList","@id":"https:\/\/skovdevandrarhem.se\/en\/see-do\/#breadcrumb","itemListElement":[{"@type":"ListItem","position":1,"name":"Hem","item":"https:\/\/skovdevandrarhem.se\/en\/"},{"@type":"ListItem","position":2,"name":"See &#038; Do"}]},{"@type":"WebSite","@id":"https:\/\/skovdevandrarhem.se\/en\/#website","url":"https:\/\/skovdevandrarhem.se\/en\/","name":"Sk\u00f6vde Vandrarhem","description":"V\u00e4lkommen till Sk\u00f6vde vandrarhem, bel\u00e4get n\u00e4ra Sk\u00f6vde centrum men \u00e4nd\u00e5 i ett lungt omr\u00e5de. Huset \u00e4r en vacker sekelskiftsvilla med mycket snickargl\u00e4dje.","publisher":{"@id":"https:\/\/skovdevandrarhem.se\/en\/#organization"},"potentialAction":[{"@type":"SearchAction","target":{"@type":"EntryPoint","urlTemplate":"https:\/\/skovdevandrarhem.se\/en\/?s={search_term_string}"},"query-input":{"@type":"PropertyValueSpecification","valueRequired":true,"valueName":"search_term_string"}}],"inLanguage":"en-US"},{"@type":"Organization","@id":"https:\/\/skovdevandrarhem.se\/en\/#organization","name":"Sk\u00f6vde Vandrarhem","url":"https:\/\/skovdevandrarhem.se\/en\/","logo":{"@type":"ImageObject","inLanguage":"en-US","@id":"https:\/\/skovdevandrarhem.se\/en\/#\/schema\/logo\/image\/","url":"https:\/\/skovdevandrarhem.se\/wp-content\/uploads\/2020\/12\/SdeVandrarhem_grey_horizontal.png","contentUrl":"https:\/\/skovdevandrarhem.se\/wp-content\/uploads\/2020\/12\/SdeVandrarhem_grey_horizontal.png","width":500,"height":135,"caption":"Sk\u00f6vde Vandrarhem"},"image":{"@id":"https:\/\/skovdevandrarhem.se\/en\/#\/schema\/logo\/image\/"},"sameAs":["https:\/\/www.instagram.com\/billingensstugby\/"]}]}},"_links":{"self":[{"href":"https:\/\/skovdevandrarhem.se\/en\/wp-json\/wp\/v2\/pages\/3002","targetHints":{"allow":["GET"]}}],"collection":[{"href":"https:\/\/skovdevandrarhem.se\/en\/wp-json\/wp\/v2\/pages"}],"about":[{"href":"https:\/\/skovdevandrarhem.se\/en\/wp-json\/wp\/v2\/types\/page"}],"author":[{"embeddable":true,"href":"https:\/\/skovdevandrarhem.se\/en\/wp-json\/wp\/v2\/users\/12"}],"replies":[{"embeddable":true,"href":"https:\/\/skovdevandrarhem.se\/en\/wp-json\/wp\/v2\/comments?post=3002"}],"version-history":[{"count":18,"href":"https:\/\/skovdevandrarhem.se\/en\/wp-json\/wp\/v2\/pages\/3002\/revisions"}],"predecessor-version":[{"id":3138,"href":"https:\/\/skovdevandrarhem.se\/en\/wp-json\/wp\/v2\/pages\/3002\/revisions\/3138"}],"wp:featuredmedia":[{"embeddable":true,"href":"https:\/\/skovdevandrarhem.se\/en\/wp-json\/wp\/v2\/media\/2667"}],"wp:attachment":[{"href":"https:\/\/skovdevandrarhem.se\/en\/wp-json\/wp\/v2\/media?parent=3002"}],"curies":[{"name":"wp","href":"https:\/\/api.w.org\/{rel}","templated":true}]}}