{"id":2310,"date":"2017-01-19T12:13:30","date_gmt":"2017-01-19T11:13:30","guid":{"rendered":"https:\/\/www.skovdevandrarhem.tuana.hemsida.eu\/bokningsvillkor\/"},"modified":"2022-01-12T16:40:07","modified_gmt":"2022-01-12T15:40:07","slug":"booking","status":"publish","type":"page","link":"https:\/\/skovdevandrarhem.se\/en\/booking\/","title":{"rendered":"Booking"},"content":{"rendered":"\t\t<div data-elementor-type=\"wp-page\" data-elementor-id=\"2310\" class=\"elementor elementor-2310 elementor-183\" data-elementor-post-type=\"page\">\n\t\t\t\t\t\t<section class=\"elementor-section elementor-top-section elementor-element elementor-element-127b767f elementor-section-boxed elementor-section-height-default elementor-section-height-default\" data-id=\"127b767f\" data-element_type=\"section\" data-e-type=\"section\">\n\t\t\t\t\t\t<div class=\"elementor-container elementor-column-gap-default\">\n\t\t\t\t\t<div class=\"elementor-column elementor-col-100 elementor-top-column elementor-element elementor-element-3b6bf7d9\" data-id=\"3b6bf7d9\" data-element_type=\"column\" data-e-type=\"column\">\n\t\t\t<div class=\"elementor-widget-wrap elementor-element-populated\">\n\t\t\t\t\t\t<div class=\"elementor-element elementor-element-69e7138a elementor-widget elementor-widget-text-editor\" data-id=\"69e7138a\" data-element_type=\"widget\" data-e-type=\"widget\" data-widget_type=\"text-editor.default\">\n\t\t\t\t<div class=\"elementor-widget-container\">\n\t\t\t\t\t\t\t\t\t<p><strong>When booking online, you can book accommodation for one night up to a week. If you want accommodation for a longer period or the next two days, please contact us by <a href=\"info@skovdevandrarhem.se\">email<\/a> or phone 0500-48 17 18.<\/strong><\/p><p><a href=\"https:\/\/skovdevandrarhem.se\/en\/booking-terms-2\/\">Booking terms.<\/a><\/p>\t\t\t\t\t\t\t\t<\/div>\n\t\t\t\t<\/div>\n\t\t\t\t<div class=\"elementor-element elementor-element-b9b2142 elementor-widget elementor-widget-html\" data-id=\"b9b2142\" data-element_type=\"widget\" data-e-type=\"widget\" data-widget_type=\"html.default\">\n\t\t\t\t<div class=\"elementor-widget-container\">\n\t\t\t\t\t<iframe src=\"https:\/\/booking.skovdevandrarhem.se:447\/skovdevhem2\" titl=\"Boka\" height=\"900px\"><\/iframe>\t\t\t\t<\/div>\n\t\t\t\t<\/div>\n\t\t\t\t\t<\/div>\n\t\t<\/div>\n\t\t\t\t\t<\/div>\n\t\t<\/section>\n\t\t\t\t<\/div>\n\t\t","protected":false},"excerpt":{"rendered":"<p>When booking online, you can book accommodation for one night up to a week. If you want accommodation for a longer period or the next two days, please contact us by email or phone 0500-48 17 18. Booking terms.<\/p>\n","protected":false},"author":12,"featured_media":2167,"parent":0,"menu_order":0,"comment_status":"closed","ping_status":"closed","template":"","meta":{"_acf_changed":false,"_genesis_hide_title":false,"_genesis_hide_breadcrumbs":false,"_genesis_hide_singular_image":false,"_genesis_hide_footer_widgets":false,"_genesis_custom_body_class":"","_genesis_custom_post_class":"","_genesis_layout":"","footnotes":""},"class_list":{"0":"post-2310","1":"page","2":"type-page","3":"status-publish","4":"has-post-thumbnail","6":"entry"},"acf":[],"yoast_head":"<!-- This site is optimized with the Yoast SEO plugin v27.4 - https:\/\/yoast.com\/product\/yoast-seo-wordpress\/ -->\n<title>Booking - Sk\u00f6vde Vandrarhem<\/title>\n<meta name=\"description\" content=\"H\u00e4r ser du vilka bokningsvilkor som g\u00e4ller f\u00f6r Billingens stugby och camping.\" \/>\n<meta name=\"robots\" content=\"index, follow, max-snippet:-1, max-image-preview:large, max-video-preview:-1\" \/>\n<link rel=\"canonical\" href=\"https:\/\/skovdevandrarhem.se\/en\/booking\/\" \/>\n<meta property=\"og:locale\" content=\"en_US\" \/>\n<meta property=\"og:type\" content=\"article\" \/>\n<meta property=\"og:title\" content=\"Booking - Sk\u00f6vde Vandrarhem\" \/>\n<meta property=\"og:description\" content=\"H\u00e4r ser du vilka bokningsvilkor som g\u00e4ller f\u00f6r Billingens stugby och camping.\" \/>\n<meta property=\"og:url\" content=\"https:\/\/skovdevandrarhem.se\/en\/booking\/\" \/>\n<meta property=\"og:site_name\" content=\"Sk\u00f6vde Vandrarhem\" \/>\n<meta property=\"article:modified_time\" content=\"2022-01-12T15:40:07+00:00\" \/>\n<meta property=\"og:image\" content=\"https:\/\/skovdevandrarhem.se\/wp-content\/uploads\/2021\/04\/Sko\u0308vdeVandrarhem.jpg\" \/>\n\t<meta property=\"og:image:width\" content=\"1500\" \/>\n\t<meta property=\"og:image:height\" content=\"813\" \/>\n\t<meta property=\"og:image:type\" content=\"image\/jpeg\" \/>\n<meta name=\"twitter:card\" content=\"summary_large_image\" \/>\n<meta name=\"twitter:label1\" content=\"Est. reading time\" \/>\n\t<meta name=\"twitter:data1\" content=\"1 minute\" \/>\n<script type=\"application\/ld+json\" class=\"yoast-schema-graph\">{\"@context\":\"https:\\\/\\\/schema.org\",\"@graph\":[{\"@type\":\"WebPage\",\"@id\":\"https:\\\/\\\/skovdevandrarhem.se\\\/en\\\/booking\\\/\",\"url\":\"https:\\\/\\\/skovdevandrarhem.se\\\/en\\\/booking\\\/\",\"name\":\"Booking - Sk\u00f6vde Vandrarhem\",\"isPartOf\":{\"@id\":\"https:\\\/\\\/skovdevandrarhem.se\\\/en\\\/#website\"},\"primaryImageOfPage\":{\"@id\":\"https:\\\/\\\/skovdevandrarhem.se\\\/en\\\/booking\\\/#primaryimage\"},\"image\":{\"@id\":\"https:\\\/\\\/skovdevandrarhem.se\\\/en\\\/booking\\\/#primaryimage\"},\"thumbnailUrl\":\"https:\\\/\\\/skovdevandrarhem.se\\\/wp-content\\\/uploads\\\/2021\\\/04\\\/Sko\u0308vdeVandrarhem.jpg\",\"datePublished\":\"2017-01-19T11:13:30+00:00\",\"dateModified\":\"2022-01-12T15:40:07+00:00\",\"description\":\"H\u00e4r ser du vilka bokningsvilkor som g\u00e4ller f\u00f6r Billingens stugby och camping.\",\"breadcrumb\":{\"@id\":\"https:\\\/\\\/skovdevandrarhem.se\\\/en\\\/booking\\\/#breadcrumb\"},\"inLanguage\":\"en-US\",\"potentialAction\":[{\"@type\":\"ReadAction\",\"target\":[\"https:\\\/\\\/skovdevandrarhem.se\\\/en\\\/booking\\\/\"]}]},{\"@type\":\"ImageObject\",\"inLanguage\":\"en-US\",\"@id\":\"https:\\\/\\\/skovdevandrarhem.se\\\/en\\\/booking\\\/#primaryimage\",\"url\":\"https:\\\/\\\/skovdevandrarhem.se\\\/wp-content\\\/uploads\\\/2021\\\/04\\\/Sko\u0308vdeVandrarhem.jpg\",\"contentUrl\":\"https:\\\/\\\/skovdevandrarhem.se\\\/wp-content\\\/uploads\\\/2021\\\/04\\\/Sko\u0308vdeVandrarhem.jpg\",\"width\":1500,\"height\":813,\"caption\":\"The front at Sk\u00f6vde hostel\"},{\"@type\":\"BreadcrumbList\",\"@id\":\"https:\\\/\\\/skovdevandrarhem.se\\\/en\\\/booking\\\/#breadcrumb\",\"itemListElement\":[{\"@type\":\"ListItem\",\"position\":1,\"name\":\"Hem\",\"item\":\"https:\\\/\\\/skovdevandrarhem.se\\\/en\\\/\"},{\"@type\":\"ListItem\",\"position\":2,\"name\":\"Booking\"}]},{\"@type\":\"WebSite\",\"@id\":\"https:\\\/\\\/skovdevandrarhem.se\\\/en\\\/#website\",\"url\":\"https:\\\/\\\/skovdevandrarhem.se\\\/en\\\/\",\"name\":\"Sk\u00f6vde Vandrarhem\",\"description\":\"V\u00e4lkommen till Sk\u00f6vde vandrarhem, bel\u00e4get n\u00e4ra Sk\u00f6vde centrum men \u00e4nd\u00e5 i ett lungt omr\u00e5de. Huset \u00e4r en vacker sekelskiftsvilla med mycket snickargl\u00e4dje.\",\"publisher\":{\"@id\":\"https:\\\/\\\/skovdevandrarhem.se\\\/en\\\/#organization\"},\"potentialAction\":[{\"@type\":\"SearchAction\",\"target\":{\"@type\":\"EntryPoint\",\"urlTemplate\":\"https:\\\/\\\/skovdevandrarhem.se\\\/en\\\/?s={search_term_string}\"},\"query-input\":{\"@type\":\"PropertyValueSpecification\",\"valueRequired\":true,\"valueName\":\"search_term_string\"}}],\"inLanguage\":\"en-US\"},{\"@type\":\"Organization\",\"@id\":\"https:\\\/\\\/skovdevandrarhem.se\\\/en\\\/#organization\",\"name\":\"Sk\u00f6vde Vandrarhem\",\"url\":\"https:\\\/\\\/skovdevandrarhem.se\\\/en\\\/\",\"logo\":{\"@type\":\"ImageObject\",\"inLanguage\":\"en-US\",\"@id\":\"https:\\\/\\\/skovdevandrarhem.se\\\/en\\\/#\\\/schema\\\/logo\\\/image\\\/\",\"url\":\"https:\\\/\\\/skovdevandrarhem.se\\\/wp-content\\\/uploads\\\/2020\\\/12\\\/SdeVandrarhem_grey_horizontal.png\",\"contentUrl\":\"https:\\\/\\\/skovdevandrarhem.se\\\/wp-content\\\/uploads\\\/2020\\\/12\\\/SdeVandrarhem_grey_horizontal.png\",\"width\":500,\"height\":135,\"caption\":\"Sk\u00f6vde Vandrarhem\"},\"image\":{\"@id\":\"https:\\\/\\\/skovdevandrarhem.se\\\/en\\\/#\\\/schema\\\/logo\\\/image\\\/\"},\"sameAs\":[\"https:\\\/\\\/www.instagram.com\\\/billingensstugby\\\/\"]}]}<\/script>\n<!-- \/ Yoast SEO plugin. -->","yoast_head_json":{"title":"Booking - Sk\u00f6vde Vandrarhem","description":"H\u00e4r ser du vilka bokningsvilkor som g\u00e4ller f\u00f6r Billingens stugby och camping.","robots":{"index":"index","follow":"follow","max-snippet":"max-snippet:-1","max-image-preview":"max-image-preview:large","max-video-preview":"max-video-preview:-1"},"canonical":"https:\/\/skovdevandrarhem.se\/en\/booking\/","og_locale":"en_US","og_type":"article","og_title":"Booking - Sk\u00f6vde Vandrarhem","og_description":"H\u00e4r ser du vilka bokningsvilkor som g\u00e4ller f\u00f6r Billingens stugby och camping.","og_url":"https:\/\/skovdevandrarhem.se\/en\/booking\/","og_site_name":"Sk\u00f6vde Vandrarhem","article_modified_time":"2022-01-12T15:40:07+00:00","og_image":[{"width":1500,"height":813,"url":"https:\/\/skovdevandrarhem.se\/wp-content\/uploads\/2021\/04\/Sko\u0308vdeVandrarhem.jpg","type":"image\/jpeg"}],"twitter_card":"summary_large_image","twitter_misc":{"Est. reading time":"1 minute"},"schema":{"@context":"https:\/\/schema.org","@graph":[{"@type":"WebPage","@id":"https:\/\/skovdevandrarhem.se\/en\/booking\/","url":"https:\/\/skovdevandrarhem.se\/en\/booking\/","name":"Booking - Sk\u00f6vde Vandrarhem","isPartOf":{"@id":"https:\/\/skovdevandrarhem.se\/en\/#website"},"primaryImageOfPage":{"@id":"https:\/\/skovdevandrarhem.se\/en\/booking\/#primaryimage"},"image":{"@id":"https:\/\/skovdevandrarhem.se\/en\/booking\/#primaryimage"},"thumbnailUrl":"https:\/\/skovdevandrarhem.se\/wp-content\/uploads\/2021\/04\/Sko\u0308vdeVandrarhem.jpg","datePublished":"2017-01-19T11:13:30+00:00","dateModified":"2022-01-12T15:40:07+00:00","description":"H\u00e4r ser du vilka bokningsvilkor som g\u00e4ller f\u00f6r Billingens stugby och camping.","breadcrumb":{"@id":"https:\/\/skovdevandrarhem.se\/en\/booking\/#breadcrumb"},"inLanguage":"en-US","potentialAction":[{"@type":"ReadAction","target":["https:\/\/skovdevandrarhem.se\/en\/booking\/"]}]},{"@type":"ImageObject","inLanguage":"en-US","@id":"https:\/\/skovdevandrarhem.se\/en\/booking\/#primaryimage","url":"https:\/\/skovdevandrarhem.se\/wp-content\/uploads\/2021\/04\/Sko\u0308vdeVandrarhem.jpg","contentUrl":"https:\/\/skovdevandrarhem.se\/wp-content\/uploads\/2021\/04\/Sko\u0308vdeVandrarhem.jpg","width":1500,"height":813,"caption":"The front at Sk\u00f6vde hostel"},{"@type":"BreadcrumbList","@id":"https:\/\/skovdevandrarhem.se\/en\/booking\/#breadcrumb","itemListElement":[{"@type":"ListItem","position":1,"name":"Hem","item":"https:\/\/skovdevandrarhem.se\/en\/"},{"@type":"ListItem","position":2,"name":"Booking"}]},{"@type":"WebSite","@id":"https:\/\/skovdevandrarhem.se\/en\/#website","url":"https:\/\/skovdevandrarhem.se\/en\/","name":"Sk\u00f6vde Vandrarhem","description":"V\u00e4lkommen till Sk\u00f6vde vandrarhem, bel\u00e4get n\u00e4ra Sk\u00f6vde centrum men \u00e4nd\u00e5 i ett lungt omr\u00e5de. Huset \u00e4r en vacker sekelskiftsvilla med mycket snickargl\u00e4dje.","publisher":{"@id":"https:\/\/skovdevandrarhem.se\/en\/#organization"},"potentialAction":[{"@type":"SearchAction","target":{"@type":"EntryPoint","urlTemplate":"https:\/\/skovdevandrarhem.se\/en\/?s={search_term_string}"},"query-input":{"@type":"PropertyValueSpecification","valueRequired":true,"valueName":"search_term_string"}}],"inLanguage":"en-US"},{"@type":"Organization","@id":"https:\/\/skovdevandrarhem.se\/en\/#organization","name":"Sk\u00f6vde Vandrarhem","url":"https:\/\/skovdevandrarhem.se\/en\/","logo":{"@type":"ImageObject","inLanguage":"en-US","@id":"https:\/\/skovdevandrarhem.se\/en\/#\/schema\/logo\/image\/","url":"https:\/\/skovdevandrarhem.se\/wp-content\/uploads\/2020\/12\/SdeVandrarhem_grey_horizontal.png","contentUrl":"https:\/\/skovdevandrarhem.se\/wp-content\/uploads\/2020\/12\/SdeVandrarhem_grey_horizontal.png","width":500,"height":135,"caption":"Sk\u00f6vde Vandrarhem"},"image":{"@id":"https:\/\/skovdevandrarhem.se\/en\/#\/schema\/logo\/image\/"},"sameAs":["https:\/\/www.instagram.com\/billingensstugby\/"]}]}},"_links":{"self":[{"href":"https:\/\/skovdevandrarhem.se\/en\/wp-json\/wp\/v2\/pages\/2310","targetHints":{"allow":["GET"]}}],"collection":[{"href":"https:\/\/skovdevandrarhem.se\/en\/wp-json\/wp\/v2\/pages"}],"about":[{"href":"https:\/\/skovdevandrarhem.se\/en\/wp-json\/wp\/v2\/types\/page"}],"author":[{"embeddable":true,"href":"https:\/\/skovdevandrarhem.se\/en\/wp-json\/wp\/v2\/users\/12"}],"replies":[{"embeddable":true,"href":"https:\/\/skovdevandrarhem.se\/en\/wp-json\/wp\/v2\/comments?post=2310"}],"version-history":[{"count":16,"href":"https:\/\/skovdevandrarhem.se\/en\/wp-json\/wp\/v2\/pages\/2310\/revisions"}],"predecessor-version":[{"id":3256,"href":"https:\/\/skovdevandrarhem.se\/en\/wp-json\/wp\/v2\/pages\/2310\/revisions\/3256"}],"wp:featuredmedia":[{"embeddable":true,"href":"https:\/\/skovdevandrarhem.se\/en\/wp-json\/wp\/v2\/media\/2167"}],"wp:attachment":[{"href":"https:\/\/skovdevandrarhem.se\/en\/wp-json\/wp\/v2\/media?parent=2310"}],"curies":[{"name":"wp","href":"https:\/\/api.w.org\/{rel}","templated":true}]}}