{"id":2290,"date":"2021-04-05T09:39:45","date_gmt":"2021-04-05T08:39:45","guid":{"rendered":"https:\/\/www.skovdevandrarhem.tuana.hemsida.eu\/historia\/"},"modified":"2021-11-27T09:28:52","modified_gmt":"2021-11-27T08:28:52","slug":"history","status":"publish","type":"page","link":"https:\/\/skovdevandrarhem.se\/en\/history\/","title":{"rendered":"History"},"content":{"rendered":"\t\t<div data-elementor-type=\"wp-page\" data-elementor-id=\"2290\" class=\"elementor elementor-2290 elementor-2138\" data-elementor-post-type=\"page\">\n\t\t\t\t\t\t<section class=\"elementor-section elementor-top-section elementor-element elementor-element-3c429050 elementor-section-boxed elementor-section-height-default elementor-section-height-default\" data-id=\"3c429050\" data-element_type=\"section\" data-e-type=\"section\">\n\t\t\t\t\t\t<div class=\"elementor-container elementor-column-gap-default\">\n\t\t\t\t\t<div class=\"elementor-column elementor-col-100 elementor-top-column elementor-element elementor-element-606cb6e4\" data-id=\"606cb6e4\" data-element_type=\"column\" data-e-type=\"column\">\n\t\t\t<div class=\"elementor-widget-wrap elementor-element-populated\">\n\t\t\t\t\t\t<div class=\"elementor-element elementor-element-76e90e6a elementor-widget elementor-widget-text-editor\" data-id=\"76e90e6a\" data-element_type=\"widget\" data-e-type=\"widget\" data-widget_type=\"text-editor.default\">\n\t\t\t\t<div class=\"elementor-widget-container\">\n\t\t\t\t\t\t\t\t\t\n<div class=\"wp-block-image\">\n<figure class=\"aligncenter size-large\"><img fetchpriority=\"high\" decoding=\"async\" width=\"300\" height=\"201\" class=\"wp-image-2291\" src=\"https:\/\/skovdevandrarhem.se\/wp-content\/uploads\/2021\/04\/KaplanOld-300x201-1.jpg\" alt=\"\" \/><\/figure>\n<\/div>\n\n<p>In 2005, the property, Kaniken 11, was taken over by the current owner, who has put a lot of effort into renovating and rebuilding the property into the hostel operations that are conducted today.<br \/>In May 2006, the gates to the hostel were opened and the first guests were welcomed. Prior to that, the second floor was rented out as student housing and on the first floor there were office space. Previously, the house functioned as an apartment building. The first floor was divided into two apartments and the second floor a large apartment.<br \/>There is not much documented history of the house but what we know can be read about below.<\/p>\n\n<p><strong>Kaniken 11<br \/><\/strong>This area on \u00d6stermalm was church land during Catholic times, something that is reflected in street and neighborhood names. The house was built at the turn of the century and was then the main building on the land Kanikerukan or Kanikeruder. (Landeri is a word for built-up agricultural property located within a city&#8217;s donation land, ie land allocated by the state to the city)<\/p>\n<p>The client is probably architect F A Wahlstr\u00f6m. The building&#8217;s design language is reminiscent of the canal engineer&#8217;s home in Hajstorp and it was designed by Wahlstr\u00f6m in 1902.<br \/>The frame of the house is made of brick with plastered white-yellow facades and profiled window frames with contemporary brown joinery.<\/p>\n\n<p><strong>The history of the property<\/strong><\/p>\n<p>The name Kanikeruka means dwelling for the canon, who was a member of the cathedral chapter, a choirmaster or pastor. During most of the Middle Ages, the pastors in Sk\u00f6vde were also canons in Skara.<br \/>In connection with the Reformation in 1527, the property was confiscated from the state and fell into disrepair.<br \/>The 1651 land register does not say anything about Kanikerukan&#8217;s owner, only &#8220;fate for many years&#8221;. But the Kaniks eventually got their successors. In 1672, the property was owned by Nils Liljeh\u00f6k to Claestorp, lieutenant colonel at V\u00e4stg\u00f6tska cavalry. After that, Gustaf Rydingstj\u00e4rna came to own Kanikerukan. He also owned Ryd and was district chief in Gudhem, K\u00e5kinds, Vilske and Valle districts.<\/p>\n<p>Around the year 1725, the place had again fallen into priestly hands. The rector Siberg, royal court preacher and parish priest in Sk\u00f6vde then lived there. Subsequent owners include district chief Alexander L\u00f6wensk\u00f6ld, district clerk Adolf Loritz, baron Hans Christoffer Liljecreuts and lieutenant Johan Gustaf Segerhjelm. During this time, Countess Beata Charlotta De la Gardie, who was Segerhjelm&#8217;s mother-in-law, also lived on Kanikerukan.<br \/>The holders at the middle of the 19th century include Captain Lind, Lagman Rickert and R\u00e5dman K\u00e4llberg. The known ownership of the property ends with farmer Carl Fredrik Andersson who died in 1891.<\/p>\n\t\t\t\t\t\t\t\t<\/div>\n\t\t\t\t<\/div>\n\t\t\t\t\t<\/div>\n\t\t<\/div>\n\t\t\t\t\t<\/div>\n\t\t<\/section>\n\t\t\t\t<\/div>\n\t\t","protected":false},"excerpt":{"rendered":"<p>In 2005, the property, Kaniken 11, was taken over by the current owner, who has put a lot of effort into renovating and rebuilding the property into the hostel operations that are conducted today.In May 2006, the gates to the hostel were opened and the first guests were welcomed. Prior to that, the second floor [&hellip;]<\/p>\n","protected":false},"author":12,"featured_media":2462,"parent":0,"menu_order":0,"comment_status":"closed","ping_status":"closed","template":"","meta":{"_acf_changed":false,"_genesis_hide_title":false,"_genesis_hide_breadcrumbs":false,"_genesis_hide_singular_image":false,"_genesis_hide_footer_widgets":false,"_genesis_custom_body_class":"","_genesis_custom_post_class":"","_genesis_layout":"","footnotes":""},"class_list":{"0":"post-2290","1":"page","2":"type-page","3":"status-publish","4":"has-post-thumbnail","6":"entry"},"acf":[],"yoast_head":"<!-- This site is optimized with the Yoast SEO plugin v27.4 - https:\/\/yoast.com\/product\/yoast-seo-wordpress\/ -->\n<title>History - Sk\u00f6vde Vandrarhem<\/title>\n<meta name=\"robots\" content=\"index, follow, max-snippet:-1, max-image-preview:large, max-video-preview:-1\" \/>\n<link rel=\"canonical\" href=\"https:\/\/skovdevandrarhem.se\/en\/history\/\" \/>\n<meta property=\"og:locale\" content=\"en_US\" \/>\n<meta property=\"og:type\" content=\"article\" \/>\n<meta property=\"og:title\" content=\"History - Sk\u00f6vde Vandrarhem\" \/>\n<meta property=\"og:description\" content=\"In 2005, the property, Kaniken 11, was taken over by the current owner, who has put a lot of effort into renovating and rebuilding the property into the hostel operations that are conducted today.In May 2006, the gates to the hostel were opened and the first guests were welcomed. Prior to that, the second floor [&hellip;]\" \/>\n<meta property=\"og:url\" content=\"https:\/\/skovdevandrarhem.se\/en\/history\/\" \/>\n<meta property=\"og:site_name\" content=\"Sk\u00f6vde Vandrarhem\" \/>\n<meta property=\"article:modified_time\" content=\"2021-11-27T08:28:52+00:00\" \/>\n<meta property=\"og:image\" content=\"https:\/\/skovdevandrarhem.se\/wp-content\/uploads\/2021\/07\/skovde-vandrarhem-foto-tuana-210528-41-scaled.jpg\" \/>\n\t<meta property=\"og:image:width\" content=\"2560\" \/>\n\t<meta property=\"og:image:height\" content=\"1705\" \/>\n\t<meta property=\"og:image:type\" content=\"image\/jpeg\" \/>\n<meta name=\"twitter:card\" content=\"summary_large_image\" \/>\n<meta name=\"twitter:label1\" content=\"Est. reading time\" \/>\n\t<meta name=\"twitter:data1\" content=\"3 minutes\" \/>\n<script type=\"application\/ld+json\" class=\"yoast-schema-graph\">{\"@context\":\"https:\\\/\\\/schema.org\",\"@graph\":[{\"@type\":\"WebPage\",\"@id\":\"https:\\\/\\\/skovdevandrarhem.se\\\/en\\\/history\\\/\",\"url\":\"https:\\\/\\\/skovdevandrarhem.se\\\/en\\\/history\\\/\",\"name\":\"History - Sk\u00f6vde Vandrarhem\",\"isPartOf\":{\"@id\":\"https:\\\/\\\/skovdevandrarhem.se\\\/en\\\/#website\"},\"primaryImageOfPage\":{\"@id\":\"https:\\\/\\\/skovdevandrarhem.se\\\/en\\\/history\\\/#primaryimage\"},\"image\":{\"@id\":\"https:\\\/\\\/skovdevandrarhem.se\\\/en\\\/history\\\/#primaryimage\"},\"thumbnailUrl\":\"https:\\\/\\\/skovdevandrarhem.se\\\/wp-content\\\/uploads\\\/2021\\\/07\\\/skovde-vandrarhem-foto-tuana-210528-41-scaled.jpg\",\"datePublished\":\"2021-04-05T08:39:45+00:00\",\"dateModified\":\"2021-11-27T08:28:52+00:00\",\"breadcrumb\":{\"@id\":\"https:\\\/\\\/skovdevandrarhem.se\\\/en\\\/history\\\/#breadcrumb\"},\"inLanguage\":\"en-US\",\"potentialAction\":[{\"@type\":\"ReadAction\",\"target\":[\"https:\\\/\\\/skovdevandrarhem.se\\\/en\\\/history\\\/\"]}]},{\"@type\":\"ImageObject\",\"inLanguage\":\"en-US\",\"@id\":\"https:\\\/\\\/skovdevandrarhem.se\\\/en\\\/history\\\/#primaryimage\",\"url\":\"https:\\\/\\\/skovdevandrarhem.se\\\/wp-content\\\/uploads\\\/2021\\\/07\\\/skovde-vandrarhem-foto-tuana-210528-41-scaled.jpg\",\"contentUrl\":\"https:\\\/\\\/skovdevandrarhem.se\\\/wp-content\\\/uploads\\\/2021\\\/07\\\/skovde-vandrarhem-foto-tuana-210528-41-scaled.jpg\",\"width\":2560,\"height\":1705,\"caption\":\"View from Sk\u00f6vde hostel with Sk\u00f6vde science park and Billingen in the background.\"},{\"@type\":\"BreadcrumbList\",\"@id\":\"https:\\\/\\\/skovdevandrarhem.se\\\/en\\\/history\\\/#breadcrumb\",\"itemListElement\":[{\"@type\":\"ListItem\",\"position\":1,\"name\":\"Hem\",\"item\":\"https:\\\/\\\/skovdevandrarhem.se\\\/en\\\/\"},{\"@type\":\"ListItem\",\"position\":2,\"name\":\"History\"}]},{\"@type\":\"WebSite\",\"@id\":\"https:\\\/\\\/skovdevandrarhem.se\\\/en\\\/#website\",\"url\":\"https:\\\/\\\/skovdevandrarhem.se\\\/en\\\/\",\"name\":\"Sk\u00f6vde Vandrarhem\",\"description\":\"V\u00e4lkommen till Sk\u00f6vde vandrarhem, bel\u00e4get n\u00e4ra Sk\u00f6vde centrum men \u00e4nd\u00e5 i ett lungt omr\u00e5de. Huset \u00e4r en vacker sekelskiftsvilla med mycket snickargl\u00e4dje.\",\"publisher\":{\"@id\":\"https:\\\/\\\/skovdevandrarhem.se\\\/en\\\/#organization\"},\"potentialAction\":[{\"@type\":\"SearchAction\",\"target\":{\"@type\":\"EntryPoint\",\"urlTemplate\":\"https:\\\/\\\/skovdevandrarhem.se\\\/en\\\/?s={search_term_string}\"},\"query-input\":{\"@type\":\"PropertyValueSpecification\",\"valueRequired\":true,\"valueName\":\"search_term_string\"}}],\"inLanguage\":\"en-US\"},{\"@type\":\"Organization\",\"@id\":\"https:\\\/\\\/skovdevandrarhem.se\\\/en\\\/#organization\",\"name\":\"Sk\u00f6vde Vandrarhem\",\"url\":\"https:\\\/\\\/skovdevandrarhem.se\\\/en\\\/\",\"logo\":{\"@type\":\"ImageObject\",\"inLanguage\":\"en-US\",\"@id\":\"https:\\\/\\\/skovdevandrarhem.se\\\/en\\\/#\\\/schema\\\/logo\\\/image\\\/\",\"url\":\"https:\\\/\\\/skovdevandrarhem.se\\\/wp-content\\\/uploads\\\/2020\\\/12\\\/SdeVandrarhem_grey_horizontal.png\",\"contentUrl\":\"https:\\\/\\\/skovdevandrarhem.se\\\/wp-content\\\/uploads\\\/2020\\\/12\\\/SdeVandrarhem_grey_horizontal.png\",\"width\":500,\"height\":135,\"caption\":\"Sk\u00f6vde Vandrarhem\"},\"image\":{\"@id\":\"https:\\\/\\\/skovdevandrarhem.se\\\/en\\\/#\\\/schema\\\/logo\\\/image\\\/\"},\"sameAs\":[\"https:\\\/\\\/www.instagram.com\\\/billingensstugby\\\/\"]}]}<\/script>\n<!-- \/ Yoast SEO plugin. -->","yoast_head_json":{"title":"History - Sk\u00f6vde Vandrarhem","robots":{"index":"index","follow":"follow","max-snippet":"max-snippet:-1","max-image-preview":"max-image-preview:large","max-video-preview":"max-video-preview:-1"},"canonical":"https:\/\/skovdevandrarhem.se\/en\/history\/","og_locale":"en_US","og_type":"article","og_title":"History - Sk\u00f6vde Vandrarhem","og_description":"In 2005, the property, Kaniken 11, was taken over by the current owner, who has put a lot of effort into renovating and rebuilding the property into the hostel operations that are conducted today.In May 2006, the gates to the hostel were opened and the first guests were welcomed. Prior to that, the second floor [&hellip;]","og_url":"https:\/\/skovdevandrarhem.se\/en\/history\/","og_site_name":"Sk\u00f6vde Vandrarhem","article_modified_time":"2021-11-27T08:28:52+00:00","og_image":[{"width":2560,"height":1705,"url":"https:\/\/skovdevandrarhem.se\/wp-content\/uploads\/2021\/07\/skovde-vandrarhem-foto-tuana-210528-41-scaled.jpg","type":"image\/jpeg"}],"twitter_card":"summary_large_image","twitter_misc":{"Est. reading time":"3 minutes"},"schema":{"@context":"https:\/\/schema.org","@graph":[{"@type":"WebPage","@id":"https:\/\/skovdevandrarhem.se\/en\/history\/","url":"https:\/\/skovdevandrarhem.se\/en\/history\/","name":"History - Sk\u00f6vde Vandrarhem","isPartOf":{"@id":"https:\/\/skovdevandrarhem.se\/en\/#website"},"primaryImageOfPage":{"@id":"https:\/\/skovdevandrarhem.se\/en\/history\/#primaryimage"},"image":{"@id":"https:\/\/skovdevandrarhem.se\/en\/history\/#primaryimage"},"thumbnailUrl":"https:\/\/skovdevandrarhem.se\/wp-content\/uploads\/2021\/07\/skovde-vandrarhem-foto-tuana-210528-41-scaled.jpg","datePublished":"2021-04-05T08:39:45+00:00","dateModified":"2021-11-27T08:28:52+00:00","breadcrumb":{"@id":"https:\/\/skovdevandrarhem.se\/en\/history\/#breadcrumb"},"inLanguage":"en-US","potentialAction":[{"@type":"ReadAction","target":["https:\/\/skovdevandrarhem.se\/en\/history\/"]}]},{"@type":"ImageObject","inLanguage":"en-US","@id":"https:\/\/skovdevandrarhem.se\/en\/history\/#primaryimage","url":"https:\/\/skovdevandrarhem.se\/wp-content\/uploads\/2021\/07\/skovde-vandrarhem-foto-tuana-210528-41-scaled.jpg","contentUrl":"https:\/\/skovdevandrarhem.se\/wp-content\/uploads\/2021\/07\/skovde-vandrarhem-foto-tuana-210528-41-scaled.jpg","width":2560,"height":1705,"caption":"View from Sk\u00f6vde hostel with Sk\u00f6vde science park and Billingen in the background."},{"@type":"BreadcrumbList","@id":"https:\/\/skovdevandrarhem.se\/en\/history\/#breadcrumb","itemListElement":[{"@type":"ListItem","position":1,"name":"Hem","item":"https:\/\/skovdevandrarhem.se\/en\/"},{"@type":"ListItem","position":2,"name":"History"}]},{"@type":"WebSite","@id":"https:\/\/skovdevandrarhem.se\/en\/#website","url":"https:\/\/skovdevandrarhem.se\/en\/","name":"Sk\u00f6vde Vandrarhem","description":"V\u00e4lkommen till Sk\u00f6vde vandrarhem, bel\u00e4get n\u00e4ra Sk\u00f6vde centrum men \u00e4nd\u00e5 i ett lungt omr\u00e5de. Huset \u00e4r en vacker sekelskiftsvilla med mycket snickargl\u00e4dje.","publisher":{"@id":"https:\/\/skovdevandrarhem.se\/en\/#organization"},"potentialAction":[{"@type":"SearchAction","target":{"@type":"EntryPoint","urlTemplate":"https:\/\/skovdevandrarhem.se\/en\/?s={search_term_string}"},"query-input":{"@type":"PropertyValueSpecification","valueRequired":true,"valueName":"search_term_string"}}],"inLanguage":"en-US"},{"@type":"Organization","@id":"https:\/\/skovdevandrarhem.se\/en\/#organization","name":"Sk\u00f6vde Vandrarhem","url":"https:\/\/skovdevandrarhem.se\/en\/","logo":{"@type":"ImageObject","inLanguage":"en-US","@id":"https:\/\/skovdevandrarhem.se\/en\/#\/schema\/logo\/image\/","url":"https:\/\/skovdevandrarhem.se\/wp-content\/uploads\/2020\/12\/SdeVandrarhem_grey_horizontal.png","contentUrl":"https:\/\/skovdevandrarhem.se\/wp-content\/uploads\/2020\/12\/SdeVandrarhem_grey_horizontal.png","width":500,"height":135,"caption":"Sk\u00f6vde Vandrarhem"},"image":{"@id":"https:\/\/skovdevandrarhem.se\/en\/#\/schema\/logo\/image\/"},"sameAs":["https:\/\/www.instagram.com\/billingensstugby\/"]}]}},"_links":{"self":[{"href":"https:\/\/skovdevandrarhem.se\/en\/wp-json\/wp\/v2\/pages\/2290","targetHints":{"allow":["GET"]}}],"collection":[{"href":"https:\/\/skovdevandrarhem.se\/en\/wp-json\/wp\/v2\/pages"}],"about":[{"href":"https:\/\/skovdevandrarhem.se\/en\/wp-json\/wp\/v2\/types\/page"}],"author":[{"embeddable":true,"href":"https:\/\/skovdevandrarhem.se\/en\/wp-json\/wp\/v2\/users\/12"}],"replies":[{"embeddable":true,"href":"https:\/\/skovdevandrarhem.se\/en\/wp-json\/wp\/v2\/comments?post=2290"}],"version-history":[{"count":5,"href":"https:\/\/skovdevandrarhem.se\/en\/wp-json\/wp\/v2\/pages\/2290\/revisions"}],"predecessor-version":[{"id":2967,"href":"https:\/\/skovdevandrarhem.se\/en\/wp-json\/wp\/v2\/pages\/2290\/revisions\/2967"}],"wp:featuredmedia":[{"embeddable":true,"href":"https:\/\/skovdevandrarhem.se\/en\/wp-json\/wp\/v2\/media\/2462"}],"wp:attachment":[{"href":"https:\/\/skovdevandrarhem.se\/en\/wp-json\/wp\/v2\/media?parent=2290"}],"curies":[{"name":"wp","href":"https:\/\/api.w.org\/{rel}","templated":true}]}}