{"id":2255,"date":"2021-04-05T13:32:52","date_gmt":"2021-04-05T12:32:52","guid":{"rendered":"https:\/\/www.skovdevandrarhem.tuana.hemsida.eu\/priser\/"},"modified":"2022-10-27T16:51:12","modified_gmt":"2022-10-27T15:51:12","slug":"prices","status":"publish","type":"page","link":"https:\/\/skovdevandrarhem.se\/en\/prices\/","title":{"rendered":"Prices"},"content":{"rendered":"\t\t<div data-elementor-type=\"wp-page\" data-elementor-id=\"2255\" class=\"elementor elementor-2255 elementor-2142\" data-elementor-post-type=\"page\">\n\t\t\t\t\t\t<section class=\"elementor-section elementor-top-section elementor-element elementor-element-4bf68f8a elementor-section-boxed elementor-section-height-default elementor-section-height-default\" data-id=\"4bf68f8a\" data-element_type=\"section\" data-e-type=\"section\">\n\t\t\t\t\t\t<div class=\"elementor-container elementor-column-gap-default\">\n\t\t\t\t\t<div class=\"elementor-column elementor-col-100 elementor-top-column elementor-element elementor-element-1bb7e64e\" data-id=\"1bb7e64e\" data-element_type=\"column\" data-e-type=\"column\">\n\t\t\t<div class=\"elementor-widget-wrap elementor-element-populated\">\n\t\t\t\t\t\t<div class=\"elementor-element elementor-element-594777a5 elementor-widget elementor-widget-text-editor\" data-id=\"594777a5\" data-element_type=\"widget\" data-e-type=\"widget\" data-widget_type=\"text-editor.default\">\n\t\t\t\t<div class=\"elementor-widget-container\">\n\t\t\t\t\t\t\t\t\t<p><strong>Prices<\/strong><\/p><p>Single room SEK 525\u00a0 \/ night<\/p><p>Twin room, 2 adults SEK 695 \/ night<\/p><p>Room with 4 beds from SEK 1100 \/ night\u00a0<\/p><p>Room with 6 beds from SEK 1300 \/ night\u00a0<br \/>___________________________________________________________________________________________________________________________________________<\/p><p>The rooms should be left cleaned or you can add cleaning to your booking in advance.<br \/>Bed linen and towels are available for rent for those who wish.<\/p><p>Bed linen + a large and a small towel: SEK 95\/ bed<br \/>Cleaning: SEK 200 \/ room.<br \/>Free parking.<br \/>Free Wifi<br \/>Access to large garden with outdoor furniture and a barbecue during the summer season.<\/p><p>Book <a href=\"https:\/\/skovdevandrarhem.se\/en\/booking\/\">online<\/a> by <a href=\"info@skovdevandrarhem.se\">email<\/a> or phone +46 (0)500-48 17 18.<\/p><p><strong>Welcome to Sk\u00f6vde Hostel.<\/strong><\/p>\t\t\t\t\t\t\t\t<\/div>\n\t\t\t\t<\/div>\n\t\t\t\t\t<\/div>\n\t\t<\/div>\n\t\t\t\t\t<\/div>\n\t\t<\/section>\n\t\t\t\t<\/div>\n\t\t","protected":false},"excerpt":{"rendered":"<p>Prices Single room SEK 525\u00a0 \/ night Twin room, 2 adults SEK 695 \/ night Room with 4 beds from SEK 1100 \/ night\u00a0 Room with 6 beds from SEK 1300 \/ night\u00a0___________________________________________________________________________________________________________________________________________ The rooms should be left cleaned or you can add cleaning to your booking in advance.Bed linen and towels are available for [&hellip;]<\/p>\n","protected":false},"author":12,"featured_media":2492,"parent":0,"menu_order":0,"comment_status":"closed","ping_status":"closed","template":"","meta":{"_acf_changed":false,"_genesis_hide_title":false,"_genesis_hide_breadcrumbs":false,"_genesis_hide_singular_image":false,"_genesis_hide_footer_widgets":false,"_genesis_custom_body_class":"","_genesis_custom_post_class":"","_genesis_layout":"","footnotes":""},"class_list":{"0":"post-2255","1":"page","2":"type-page","3":"status-publish","4":"has-post-thumbnail","6":"entry"},"acf":[],"yoast_head":"<!-- This site is optimized with the Yoast SEO plugin v27.4 - https:\/\/yoast.com\/product\/yoast-seo-wordpress\/ -->\n<title>Prices - Sk\u00f6vde Vandrarhem<\/title>\n<meta name=\"robots\" content=\"index, follow, max-snippet:-1, max-image-preview:large, max-video-preview:-1\" \/>\n<link rel=\"canonical\" href=\"https:\/\/skovdevandrarhem.se\/en\/prices\/\" \/>\n<meta property=\"og:locale\" content=\"en_US\" \/>\n<meta property=\"og:type\" content=\"article\" \/>\n<meta property=\"og:title\" content=\"Prices - Sk\u00f6vde Vandrarhem\" \/>\n<meta property=\"og:description\" content=\"Prices Single room SEK 525\u00a0 \/ night Twin room, 2 adults SEK 695 \/ night Room with 4 beds from SEK 1100 \/ night\u00a0 Room with 6 beds from SEK 1300 \/ night\u00a0___________________________________________________________________________________________________________________________________________ The rooms should be left cleaned or you can add cleaning to your booking in advance.Bed linen and towels are available for [&hellip;]\" \/>\n<meta property=\"og:url\" content=\"https:\/\/skovdevandrarhem.se\/en\/prices\/\" \/>\n<meta property=\"og:site_name\" content=\"Sk\u00f6vde Vandrarhem\" \/>\n<meta property=\"article:modified_time\" content=\"2022-10-27T15:51:12+00:00\" \/>\n<meta property=\"og:image\" content=\"https:\/\/skovdevandrarhem.se\/wp-content\/uploads\/2021\/07\/skovde-vandrarhemfoto-tuana-210528-195-scaled-e1632386404913.jpg\" \/>\n\t<meta property=\"og:image:width\" content=\"2560\" \/>\n\t<meta property=\"og:image:height\" content=\"1707\" \/>\n\t<meta property=\"og:image:type\" content=\"image\/jpeg\" \/>\n<meta name=\"twitter:card\" content=\"summary_large_image\" \/>\n<meta name=\"twitter:label1\" content=\"Est. reading time\" \/>\n\t<meta name=\"twitter:data1\" content=\"1 minute\" \/>\n<script type=\"application\/ld+json\" class=\"yoast-schema-graph\">{\"@context\":\"https:\\\/\\\/schema.org\",\"@graph\":[{\"@type\":\"WebPage\",\"@id\":\"https:\\\/\\\/skovdevandrarhem.se\\\/en\\\/prices\\\/\",\"url\":\"https:\\\/\\\/skovdevandrarhem.se\\\/en\\\/prices\\\/\",\"name\":\"Prices - Sk\u00f6vde Vandrarhem\",\"isPartOf\":{\"@id\":\"https:\\\/\\\/skovdevandrarhem.se\\\/en\\\/#website\"},\"primaryImageOfPage\":{\"@id\":\"https:\\\/\\\/skovdevandrarhem.se\\\/en\\\/prices\\\/#primaryimage\"},\"image\":{\"@id\":\"https:\\\/\\\/skovdevandrarhem.se\\\/en\\\/prices\\\/#primaryimage\"},\"thumbnailUrl\":\"https:\\\/\\\/skovdevandrarhem.se\\\/wp-content\\\/uploads\\\/2021\\\/07\\\/skovde-vandrarhemfoto-tuana-210528-195-scaled-e1632386404913.jpg\",\"datePublished\":\"2021-04-05T12:32:52+00:00\",\"dateModified\":\"2022-10-27T15:51:12+00:00\",\"breadcrumb\":{\"@id\":\"https:\\\/\\\/skovdevandrarhem.se\\\/en\\\/prices\\\/#breadcrumb\"},\"inLanguage\":\"en-US\",\"potentialAction\":[{\"@type\":\"ReadAction\",\"target\":[\"https:\\\/\\\/skovdevandrarhem.se\\\/en\\\/prices\\\/\"]}]},{\"@type\":\"ImageObject\",\"inLanguage\":\"en-US\",\"@id\":\"https:\\\/\\\/skovdevandrarhem.se\\\/en\\\/prices\\\/#primaryimage\",\"url\":\"https:\\\/\\\/skovdevandrarhem.se\\\/wp-content\\\/uploads\\\/2021\\\/07\\\/skovde-vandrarhemfoto-tuana-210528-195-scaled-e1632386404913.jpg\",\"contentUrl\":\"https:\\\/\\\/skovdevandrarhem.se\\\/wp-content\\\/uploads\\\/2021\\\/07\\\/skovde-vandrarhemfoto-tuana-210528-195-scaled-e1632386404913.jpg\",\"width\":2560,\"height\":1707,\"caption\":\"Entrence to the garden at Sk\u00f6vde hostel\"},{\"@type\":\"BreadcrumbList\",\"@id\":\"https:\\\/\\\/skovdevandrarhem.se\\\/en\\\/prices\\\/#breadcrumb\",\"itemListElement\":[{\"@type\":\"ListItem\",\"position\":1,\"name\":\"Hem\",\"item\":\"https:\\\/\\\/skovdevandrarhem.se\\\/en\\\/\"},{\"@type\":\"ListItem\",\"position\":2,\"name\":\"Prices\"}]},{\"@type\":\"WebSite\",\"@id\":\"https:\\\/\\\/skovdevandrarhem.se\\\/en\\\/#website\",\"url\":\"https:\\\/\\\/skovdevandrarhem.se\\\/en\\\/\",\"name\":\"Sk\u00f6vde Vandrarhem\",\"description\":\"V\u00e4lkommen till Sk\u00f6vde vandrarhem, bel\u00e4get n\u00e4ra Sk\u00f6vde centrum men \u00e4nd\u00e5 i ett lungt omr\u00e5de. Huset \u00e4r en vacker sekelskiftsvilla med mycket snickargl\u00e4dje.\",\"publisher\":{\"@id\":\"https:\\\/\\\/skovdevandrarhem.se\\\/en\\\/#organization\"},\"potentialAction\":[{\"@type\":\"SearchAction\",\"target\":{\"@type\":\"EntryPoint\",\"urlTemplate\":\"https:\\\/\\\/skovdevandrarhem.se\\\/en\\\/?s={search_term_string}\"},\"query-input\":{\"@type\":\"PropertyValueSpecification\",\"valueRequired\":true,\"valueName\":\"search_term_string\"}}],\"inLanguage\":\"en-US\"},{\"@type\":\"Organization\",\"@id\":\"https:\\\/\\\/skovdevandrarhem.se\\\/en\\\/#organization\",\"name\":\"Sk\u00f6vde Vandrarhem\",\"url\":\"https:\\\/\\\/skovdevandrarhem.se\\\/en\\\/\",\"logo\":{\"@type\":\"ImageObject\",\"inLanguage\":\"en-US\",\"@id\":\"https:\\\/\\\/skovdevandrarhem.se\\\/en\\\/#\\\/schema\\\/logo\\\/image\\\/\",\"url\":\"https:\\\/\\\/skovdevandrarhem.se\\\/wp-content\\\/uploads\\\/2020\\\/12\\\/SdeVandrarhem_grey_horizontal.png\",\"contentUrl\":\"https:\\\/\\\/skovdevandrarhem.se\\\/wp-content\\\/uploads\\\/2020\\\/12\\\/SdeVandrarhem_grey_horizontal.png\",\"width\":500,\"height\":135,\"caption\":\"Sk\u00f6vde Vandrarhem\"},\"image\":{\"@id\":\"https:\\\/\\\/skovdevandrarhem.se\\\/en\\\/#\\\/schema\\\/logo\\\/image\\\/\"},\"sameAs\":[\"https:\\\/\\\/www.instagram.com\\\/billingensstugby\\\/\"]}]}<\/script>\n<!-- \/ Yoast SEO plugin. -->","yoast_head_json":{"title":"Prices - Sk\u00f6vde Vandrarhem","robots":{"index":"index","follow":"follow","max-snippet":"max-snippet:-1","max-image-preview":"max-image-preview:large","max-video-preview":"max-video-preview:-1"},"canonical":"https:\/\/skovdevandrarhem.se\/en\/prices\/","og_locale":"en_US","og_type":"article","og_title":"Prices - Sk\u00f6vde Vandrarhem","og_description":"Prices Single room SEK 525\u00a0 \/ night Twin room, 2 adults SEK 695 \/ night Room with 4 beds from SEK 1100 \/ night\u00a0 Room with 6 beds from SEK 1300 \/ night\u00a0___________________________________________________________________________________________________________________________________________ The rooms should be left cleaned or you can add cleaning to your booking in advance.Bed linen and towels are available for [&hellip;]","og_url":"https:\/\/skovdevandrarhem.se\/en\/prices\/","og_site_name":"Sk\u00f6vde Vandrarhem","article_modified_time":"2022-10-27T15:51:12+00:00","og_image":[{"width":2560,"height":1707,"url":"https:\/\/skovdevandrarhem.se\/wp-content\/uploads\/2021\/07\/skovde-vandrarhemfoto-tuana-210528-195-scaled-e1632386404913.jpg","type":"image\/jpeg"}],"twitter_card":"summary_large_image","twitter_misc":{"Est. reading time":"1 minute"},"schema":{"@context":"https:\/\/schema.org","@graph":[{"@type":"WebPage","@id":"https:\/\/skovdevandrarhem.se\/en\/prices\/","url":"https:\/\/skovdevandrarhem.se\/en\/prices\/","name":"Prices - Sk\u00f6vde Vandrarhem","isPartOf":{"@id":"https:\/\/skovdevandrarhem.se\/en\/#website"},"primaryImageOfPage":{"@id":"https:\/\/skovdevandrarhem.se\/en\/prices\/#primaryimage"},"image":{"@id":"https:\/\/skovdevandrarhem.se\/en\/prices\/#primaryimage"},"thumbnailUrl":"https:\/\/skovdevandrarhem.se\/wp-content\/uploads\/2021\/07\/skovde-vandrarhemfoto-tuana-210528-195-scaled-e1632386404913.jpg","datePublished":"2021-04-05T12:32:52+00:00","dateModified":"2022-10-27T15:51:12+00:00","breadcrumb":{"@id":"https:\/\/skovdevandrarhem.se\/en\/prices\/#breadcrumb"},"inLanguage":"en-US","potentialAction":[{"@type":"ReadAction","target":["https:\/\/skovdevandrarhem.se\/en\/prices\/"]}]},{"@type":"ImageObject","inLanguage":"en-US","@id":"https:\/\/skovdevandrarhem.se\/en\/prices\/#primaryimage","url":"https:\/\/skovdevandrarhem.se\/wp-content\/uploads\/2021\/07\/skovde-vandrarhemfoto-tuana-210528-195-scaled-e1632386404913.jpg","contentUrl":"https:\/\/skovdevandrarhem.se\/wp-content\/uploads\/2021\/07\/skovde-vandrarhemfoto-tuana-210528-195-scaled-e1632386404913.jpg","width":2560,"height":1707,"caption":"Entrence to the garden at Sk\u00f6vde hostel"},{"@type":"BreadcrumbList","@id":"https:\/\/skovdevandrarhem.se\/en\/prices\/#breadcrumb","itemListElement":[{"@type":"ListItem","position":1,"name":"Hem","item":"https:\/\/skovdevandrarhem.se\/en\/"},{"@type":"ListItem","position":2,"name":"Prices"}]},{"@type":"WebSite","@id":"https:\/\/skovdevandrarhem.se\/en\/#website","url":"https:\/\/skovdevandrarhem.se\/en\/","name":"Sk\u00f6vde Vandrarhem","description":"V\u00e4lkommen till Sk\u00f6vde vandrarhem, bel\u00e4get n\u00e4ra Sk\u00f6vde centrum men \u00e4nd\u00e5 i ett lungt omr\u00e5de. Huset \u00e4r en vacker sekelskiftsvilla med mycket snickargl\u00e4dje.","publisher":{"@id":"https:\/\/skovdevandrarhem.se\/en\/#organization"},"potentialAction":[{"@type":"SearchAction","target":{"@type":"EntryPoint","urlTemplate":"https:\/\/skovdevandrarhem.se\/en\/?s={search_term_string}"},"query-input":{"@type":"PropertyValueSpecification","valueRequired":true,"valueName":"search_term_string"}}],"inLanguage":"en-US"},{"@type":"Organization","@id":"https:\/\/skovdevandrarhem.se\/en\/#organization","name":"Sk\u00f6vde Vandrarhem","url":"https:\/\/skovdevandrarhem.se\/en\/","logo":{"@type":"ImageObject","inLanguage":"en-US","@id":"https:\/\/skovdevandrarhem.se\/en\/#\/schema\/logo\/image\/","url":"https:\/\/skovdevandrarhem.se\/wp-content\/uploads\/2020\/12\/SdeVandrarhem_grey_horizontal.png","contentUrl":"https:\/\/skovdevandrarhem.se\/wp-content\/uploads\/2020\/12\/SdeVandrarhem_grey_horizontal.png","width":500,"height":135,"caption":"Sk\u00f6vde Vandrarhem"},"image":{"@id":"https:\/\/skovdevandrarhem.se\/en\/#\/schema\/logo\/image\/"},"sameAs":["https:\/\/www.instagram.com\/billingensstugby\/"]}]}},"_links":{"self":[{"href":"https:\/\/skovdevandrarhem.se\/en\/wp-json\/wp\/v2\/pages\/2255","targetHints":{"allow":["GET"]}}],"collection":[{"href":"https:\/\/skovdevandrarhem.se\/en\/wp-json\/wp\/v2\/pages"}],"about":[{"href":"https:\/\/skovdevandrarhem.se\/en\/wp-json\/wp\/v2\/types\/page"}],"author":[{"embeddable":true,"href":"https:\/\/skovdevandrarhem.se\/en\/wp-json\/wp\/v2\/users\/12"}],"replies":[{"embeddable":true,"href":"https:\/\/skovdevandrarhem.se\/en\/wp-json\/wp\/v2\/comments?post=2255"}],"version-history":[{"count":23,"href":"https:\/\/skovdevandrarhem.se\/en\/wp-json\/wp\/v2\/pages\/2255\/revisions"}],"predecessor-version":[{"id":3359,"href":"https:\/\/skovdevandrarhem.se\/en\/wp-json\/wp\/v2\/pages\/2255\/revisions\/3359"}],"wp:featuredmedia":[{"embeddable":true,"href":"https:\/\/skovdevandrarhem.se\/en\/wp-json\/wp\/v2\/media\/2492"}],"wp:attachment":[{"href":"https:\/\/skovdevandrarhem.se\/en\/wp-json\/wp\/v2\/media?parent=2255"}],"curies":[{"name":"wp","href":"https:\/\/api.w.org\/{rel}","templated":true}]}}